{"id":3226,"date":"2022-07-13T13:14:59","date_gmt":"2022-07-13T13:14:59","guid":{"rendered":"https:\/\/www.nest-systems.com\/ueber-das-unternehmen\/"},"modified":"2022-09-15T08:06:12","modified_gmt":"2022-09-15T08:06:12","slug":"ueber-das-unternehmen","status":"publish","type":"page","link":"https:\/\/www.nest-systems.com\/de\/ueber-das-unternehmen\/","title":{"rendered":"\u00dcber das Unternehmen"},"content":{"rendered":"\n<div class=\"wp-block-cover alignfull is-light banner-subpage\" style=\"min-height:250px;aspect-ratio:unset;\"><span aria-hidden=\"true\" class=\"wp-block-cover__background has-background-dim-0 has-background-dim\"><\/span><img loading=\"lazy\" decoding=\"async\" width=\"2560\" height=\"313\" class=\"wp-block-cover__image-background wp-image-3133\" alt=\"\" src=\"https:\/\/www.nest-systems.com\/wp-content\/uploads\/2022\/08\/banner1-5-scaled.webp\" data-object-fit=\"cover\" srcset=\"https:\/\/www.nest-systems.com\/wp-content\/uploads\/2022\/08\/banner1-5-scaled.webp 2560w, https:\/\/www.nest-systems.com\/wp-content\/uploads\/2022\/08\/banner1-5-500x61.webp 500w, https:\/\/www.nest-systems.com\/wp-content\/uploads\/2022\/08\/banner1-5-1024x125.webp 1024w, https:\/\/www.nest-systems.com\/wp-content\/uploads\/2022\/08\/banner1-5-768x94.webp 768w, https:\/\/www.nest-systems.com\/wp-content\/uploads\/2022\/08\/banner1-5-1536x188.webp 1536w, https:\/\/www.nest-systems.com\/wp-content\/uploads\/2022\/08\/banner1-5-2048x250.webp 2048w\" sizes=\"(max-width: 2560px) 100vw, 2560px\" \/><div class=\"wp-block-cover__inner-container is-layout-flow wp-block-cover-is-layout-flow\">\n<div class=\"wp-block-group container is-layout-flow wp-container-core-group-is-layout-1 wp-block-group-is-layout-flow\" style=\"border-style:none;border-width:0px;padding-top:0px;padding-right:0px;padding-bottom:0px;padding-left:0px\">\n<div class=\"wp-block-columns is-layout-flex wp-container-core-columns-is-layout-1 wp-block-columns-is-layout-flex\" style=\"padding-top:0px;padding-right:0px;padding-bottom:0px;padding-left:0px\">\n<div class=\"wp-block-column is-layout-flow wp-block-column-is-layout-flow\" style=\"padding-top:0px;padding-right:0px;padding-bottom:0px;padding-left:0px\"><h1 style=\"text-transform:uppercase;\" class=\"has-text-align-left is-style-default wp-block-post-title has-text-color has-primary-color\">\u00dcber das Unternehmen<\/h1><\/div>\n<\/div>\n<\/div>\n<\/div><\/div>\n\n<div class=\"wp-block-group is-layout-flow wp-block-group-is-layout-flow\">\n<div style=\"height:0px\" aria-hidden=\"true\" class=\"wp-block-spacer\"><\/div>\n\n\n\n<div class=\"wp-block-group is-layout-flow wp-block-group-is-layout-flow\">\n<div class=\"wp-block-cover is-light\"><span aria-hidden=\"true\" class=\"wp-block-cover__background has-cyan-light-background-color has-background-dim-0 has-background-dim\"><\/span><div class=\"wp-block-cover__inner-container is-layout-flow wp-block-cover-is-layout-flow\">\n<div class=\"wp-block-group container is-layout-flow wp-block-group-is-layout-flow\">\n<h2 class=\"has-text-align-center is-style-underlined-heading has-primary-color has-text-color wp-block-heading\">Unsere Geschichte<\/h2>\n\n\n\n<div class=\"wp-block-media-text alignwide has-media-on-the-right is-stacked-on-mobile is-vertically-aligned-center has-primary-color has-white-background-color has-text-color has-background\"><figure class=\"wp-block-media-text__media\"><img loading=\"lazy\" decoding=\"async\" width=\"1024\" height=\"686\" src=\"https:\/\/www.nest-systems.com\/wp-content\/uploads\/2022\/09\/IMG_1008-copy-1-1024x686.jpg\" alt=\"\" class=\"wp-image-4145 size-full\" srcset=\"https:\/\/www.nest-systems.com\/wp-content\/uploads\/2022\/09\/IMG_1008-copy-1-1024x686.jpg 1024w, https:\/\/www.nest-systems.com\/wp-content\/uploads\/2022\/09\/IMG_1008-copy-1-500x335.jpg 500w, https:\/\/www.nest-systems.com\/wp-content\/uploads\/2022\/09\/IMG_1008-copy-1-768x515.jpg 768w, https:\/\/www.nest-systems.com\/wp-content\/uploads\/2022\/09\/IMG_1008-copy-1-1536x1030.jpg 1536w, https:\/\/www.nest-systems.com\/wp-content\/uploads\/2022\/09\/IMG_1008-copy-1-2048x1373.jpg 2048w\" sizes=\"(max-width: 1024px) 100vw, 1024px\" \/><\/figure><div class=\"wp-block-media-text__content\">\n<p><strong>Wir besch\u00e4ftigen uns mit der Entwicklung innovativer L\u00f6sungen im Bereich akustische Signale und Schall\u00fcberwachung.<\/strong>.<\/p>\n\n\n\n<p>Wir sind ein junges Unternehmen, das seine Geschichte begann, als der Direktor und Eigent\u00fcmer Peter \u0160teblaj und sein Freund Primo\u017e Lipar an der Fakult\u00e4t f\u00fcr Maschinenbau in Ljubljana studierten. Bei der Arbeit an Entwicklungsprojekten, als sie als Nachwuchsforscher ihre Promotion f\u00fcr den Doktortitel vorbereiteten, stellte sich heraus, dass sie die entwickelten L\u00f6sungen erfolgreich am Markt verkaufen konnten. Zuerst waren sie \u00fcber die Fakult\u00e4t t\u00e4tig, aber nach der Promotion er\u00f6ffneten sie ihre eigene Firma und arbeiteten weiterhin f\u00fcr verschiedene Kunden.<br\/>W\u00e4hrend seiner gesamten Geschichte verfolgt das Unternehmen die Qualit\u00e4t und Innovation von L\u00f6sungen und den Aufbau einer pers\u00f6nlichen Beziehung zum Kunden.<\/p>\n<\/div><\/div>\n<\/div>\n\n\n\n<div style=\"height:150px\" aria-hidden=\"true\" class=\"wp-block-spacer\"><\/div>\n<\/div><\/div>\n<\/div>\n<\/div>\n\n<div class=\"wp-block-group is-layout-flow wp-block-group-is-layout-flow\">\n<div class=\"wp-block-group is-layout-flow wp-block-group-is-layout-flow\">\n<div class=\"wp-block-cover is-light\"><span aria-hidden=\"true\" class=\"wp-block-cover__background has-background-dim-0 has-background-dim\"><\/span><img loading=\"lazy\" decoding=\"async\" width=\"2560\" height=\"528\" class=\"wp-block-cover__image-background wp-image-3138\" alt=\"\" src=\"https:\/\/www.nest-systems.com\/wp-content\/uploads\/2022\/08\/banner2-1-scaled.webp\" data-object-fit=\"cover\" srcset=\"https:\/\/www.nest-systems.com\/wp-content\/uploads\/2022\/08\/banner2-1-scaled.webp 2560w, https:\/\/www.nest-systems.com\/wp-content\/uploads\/2022\/08\/banner2-1-500x103.webp 500w, https:\/\/www.nest-systems.com\/wp-content\/uploads\/2022\/08\/banner2-1-1024x211.webp 1024w, https:\/\/www.nest-systems.com\/wp-content\/uploads\/2022\/08\/banner2-1-768x159.webp 768w, https:\/\/www.nest-systems.com\/wp-content\/uploads\/2022\/08\/banner2-1-1536x317.webp 1536w, https:\/\/www.nest-systems.com\/wp-content\/uploads\/2022\/08\/banner2-1-2048x423.webp 2048w\" sizes=\"(max-width: 2560px) 100vw, 2560px\" \/><div class=\"wp-block-cover__inner-container is-layout-flow wp-block-cover-is-layout-flow\">\n<div class=\"wp-block-columns container is-layout-flex wp-container-core-columns-is-layout-2 wp-block-columns-is-layout-flex\">\n<div class=\"wp-block-column is-layout-flow wp-block-column-is-layout-flow\" style=\"padding-top:20px;padding-right:20px;padding-bottom:20px;padding-left:20px\">\n<h2 class=\"has-text-align-left is-style-underlined-heading has-primary-color has-text-color wp-block-heading\">Werte<\/h2>\n\n\n\n<ul class=\"has-hover-color has-text-color wp-block-list\"><li>Pers\u00f6nliche Herangehensweise<\/li><li>Fokussiert auf Kundenl\u00f6sungen<\/li><li>Integrit\u00e4t<\/li><li>Teamgeist<\/li><li>Innovationsf\u00e4higkeit<\/li><\/ul>\n<\/div>\n\n\n\n<div class=\"wp-block-column is-layout-flow wp-block-column-is-layout-flow\" style=\"padding-top:20px;padding-right:20px;padding-bottom:20px;padding-left:20px\">\n<h2 class=\"has-text-align-left is-style-underlined-heading has-primary-color has-text-color wp-block-heading\">Vision<\/h2>\n\n\n\n<p class=\"is-style-default has-hover-color has-text-color\">Wir wollen ein weltweit f\u00fchrendes Unternehmen auf dem Gebiet der Schall\u00fcberwachung werden und autonome und benutzerfreundliche Tools zur Diagnose und Steuerung von Systemen in der Industrie anbieten.<\/p>\n<\/div>\n\n\n\n<div class=\"wp-block-column is-layout-flow wp-block-column-is-layout-flow\" style=\"padding-top:20px;padding-right:20px;padding-bottom:20px;padding-left:20px\">\n<h2 class=\"has-text-align-left is-style-underlined-heading has-primary-color has-text-color wp-block-heading\">Mission<\/h2>\n\n\n\n<p class=\"has-hover-color has-text-color\">Wir bieten ma\u00dfgeschneiderte innovative technische L\u00f6sungen durch Diagnostik und den Einsatz von akustischen Tonsignalen. Mit unseren L\u00f6sungen optimieren wir Anlagen und Prozesse, senken Kosten, verbessern die Energieeffizienz und reduzieren CO2-Emissionen. Wir sind ein zuverl\u00e4ssiger Gesch\u00e4ftspartner, verantwortlich gegen\u00fcber Mitarbeitern, Kunden, Gesch\u00e4ftspartnern, der Gesellschaft und der Umwelt.<\/p>\n<\/div>\n<\/div>\n\n\n\n<p class=\"has-text-align-center has-large-font-size\"><\/p>\n<\/div><\/div>\n<\/div>\n<\/div>\n\n<div style=\"height:100px\" aria-hidden=\"true\" class=\"wp-block-spacer\"><\/div>\n\n<div class=\"wp-block-cover is-light\"><span aria-hidden=\"true\" class=\"wp-block-cover__background has-cyan-light-background-color has-background-dim-0 has-background-dim\"><\/span><div class=\"wp-block-cover__inner-container is-layout-flow wp-block-cover-is-layout-flow\">\n<div class=\"wp-block-group container is-layout-flow wp-block-group-is-layout-flow\">\n<h2 class=\"has-text-align-center is-style-underlined-heading has-primary-color has-text-color wp-block-heading\">Chancen f\u00fcr die Zukunft<\/h2>\n\n\n\n<div class=\"wp-block-media-text alignwide is-stacked-on-mobile is-vertically-aligned-center has-primary-color has-white-background-color has-text-color has-background\"><figure class=\"wp-block-media-text__media\"><img loading=\"lazy\" decoding=\"async\" width=\"1024\" height=\"521\" src=\"https:\/\/www.nest-systems.com\/wp-content\/uploads\/2022\/08\/ben-white-gEKMstKfZ6w-unsplash-1024x521.jpg\" alt=\"\" class=\"wp-image-1493 size-full\" srcset=\"https:\/\/www.nest-systems.com\/wp-content\/uploads\/2022\/08\/ben-white-gEKMstKfZ6w-unsplash-1024x521.jpg 1024w, https:\/\/www.nest-systems.com\/wp-content\/uploads\/2022\/08\/ben-white-gEKMstKfZ6w-unsplash-300x153.jpg 300w, https:\/\/www.nest-systems.com\/wp-content\/uploads\/2022\/08\/ben-white-gEKMstKfZ6w-unsplash-768x391.jpg 768w, https:\/\/www.nest-systems.com\/wp-content\/uploads\/2022\/08\/ben-white-gEKMstKfZ6w-unsplash.jpg 1128w\" sizes=\"(max-width: 1024px) 100vw, 1024px\" \/><\/figure><div class=\"wp-block-media-text__content\">\n<p><strong>Unser Ziel ist es, ein unverzichtbarer Partner der f\u00fchrenden S\u00e4genhersteller in Europa zu werden.<\/strong><\/p>\n\n\n\n<ul class=\"wp-block-list\"><li>Entwicklung neuer L\u00f6sungen unter eigener Marke<\/li><li>Zugang zu neuen M\u00e4rkten<\/li><li>Entwicklung neuer L\u00f6sungen im Bereich Predictive Maintenance \u2013 Eintritt in den Markt der S\u00e4genhersteller<\/li><li>Bildung eines kompetenten Expertenteams<\/li><li>Zusammenarbeit mit Bildungseinrichtungen<\/li><\/ul>\n<\/div><\/div>\n<\/div>\n\n\n\n<div style=\"height:100px\" aria-hidden=\"true\" class=\"wp-block-spacer\"><\/div>\n<\/div><\/div>\n\n<div class=\"wp-block-cover is-light\"><span aria-hidden=\"true\" class=\"wp-block-cover__background has-cyan-light-background-color has-background-dim-0 has-background-dim\"><\/span><div class=\"wp-block-cover__inner-container is-layout-flow wp-block-cover-is-layout-flow\">\n<div class=\"wp-block-group container is-layout-flow wp-block-group-is-layout-flow\">\n<h2 class=\"has-text-align-center is-style-underlined-heading has-primary-color has-text-color wp-block-heading\">Warum NEST w\u00e4hlen?<\/h2>\n\n\n\n<div class=\"wp-block-media-text alignwide has-media-on-the-right is-stacked-on-mobile is-vertically-aligned-center has-primary-color has-white-background-color has-text-color has-background\"><figure class=\"wp-block-media-text__media\"><img loading=\"lazy\" decoding=\"async\" width=\"1024\" height=\"986\" src=\"https:\/\/www.nest-systems.com\/wp-content\/uploads\/2022\/08\/javier-allegue-barros-C7B-ExXpOIE-unsplash-1024x986.jpg\" alt=\"\" class=\"wp-image-1499 size-full\" srcset=\"https:\/\/www.nest-systems.com\/wp-content\/uploads\/2022\/08\/javier-allegue-barros-C7B-ExXpOIE-unsplash-1024x986.jpg 1024w, https:\/\/www.nest-systems.com\/wp-content\/uploads\/2022\/08\/javier-allegue-barros-C7B-ExXpOIE-unsplash-300x289.jpg 300w, https:\/\/www.nest-systems.com\/wp-content\/uploads\/2022\/08\/javier-allegue-barros-C7B-ExXpOIE-unsplash-768x739.jpg 768w, https:\/\/www.nest-systems.com\/wp-content\/uploads\/2022\/08\/javier-allegue-barros-C7B-ExXpOIE-unsplash.jpg 1128w\" sizes=\"(max-width: 1024px) 100vw, 1024px\" \/><\/figure><div class=\"wp-block-media-text__content\">\n<p><strong>Wir l\u00f6sen Probleme, die andere Unternehmen noch nicht haben, und profilieren uns so schnell am Markt.<\/strong><\/p>\n\n\n\n<ul class=\"wp-block-list\"><li>Einfache und intuitive L\u00f6sungen<\/li><li>Sich in die Probleme des Kunden vertiefen und darauf abgestimmte L\u00f6sungen implementieren &#8211; personalisierte Beziehung<\/li><li>Kunden schulen, damit sie L\u00f6sungen besser verstehen<\/li><li>Gutes Verst\u00e4ndnis f\u00fcr fachliche Fragestellungen, das aus theoretischem Wissen, eigener Forschung und Kooperation mit Forschungseinrichtungen entsteht<\/li><li>Einsatz neuester Technologien und st\u00e4ndige Weiterentwicklung<\/li><li>Zahlreiche Referenzen von den gr\u00f6\u00dften holzbe- und verarbeitenden Unternehmen in der EU, die die L\u00f6sungen des Unternehmens einsetzen<\/li><li>Ein Netzwerk externer Mitarbeiter und Anbieter<\/li><li>Umweltorientierung und Beitrag zur nachhaltigen Entwicklung<\/li><\/ul>\n<\/div><\/div>\n<\/div>\n\n\n\n<div style=\"height:200px\" aria-hidden=\"true\" class=\"wp-block-spacer\"><\/div>\n<\/div><\/div>\n","protected":false},"excerpt":{"rendered":"","protected":false},"author":1,"featured_media":0,"parent":0,"menu_order":0,"comment_status":"closed","ping_status":"closed","template":"","meta":{"_eb_attr":"","_uag_custom_page_level_css":"","footnotes":""},"class_list":["post-3226","page","type-page","status-publish","hentry"],"yoast_head":"<!-- This site is optimized with the Yoast SEO plugin v23.4 - https:\/\/yoast.com\/wordpress\/plugins\/seo\/ -->\n<title>\u00dcber das Unternehmen - Nest Systems<\/title>\n<meta name=\"description\" content=\"Nest Systems besch\u00e4ftigen uns mit der Entwicklung innovativer L\u00f6sungen im Bereich akustische Signale und Schall\u00fcberwachung.\" \/>\n<meta name=\"robots\" content=\"index, follow, max-snippet:-1, max-image-preview:large, max-video-preview:-1\" \/>\n<link rel=\"canonical\" href=\"https:\/\/www.nest-systems.com\/de\/ueber-das-unternehmen\/\" \/>\n<meta property=\"og:locale\" content=\"de_DE\" \/>\n<meta property=\"og:type\" content=\"article\" \/>\n<meta property=\"og:title\" content=\"\u00dcber das Unternehmen - Nest Systems\" \/>\n<meta property=\"og:description\" content=\"Nest Systems besch\u00e4ftigen uns mit der Entwicklung innovativer L\u00f6sungen im Bereich akustische Signale und Schall\u00fcberwachung.\" \/>\n<meta property=\"og:url\" content=\"https:\/\/www.nest-systems.com\/de\/ueber-das-unternehmen\/\" \/>\n<meta property=\"og:site_name\" content=\"Nest Systems\" \/>\n<meta property=\"article:modified_time\" content=\"2022-09-15T08:06:12+00:00\" \/>\n<meta property=\"og:image\" content=\"https:\/\/www.nest-systems.com\/wp-content\/uploads\/2022\/09\/IMG_1008-copy-1-1024x686.jpg\" \/>\n<meta name=\"twitter:card\" content=\"summary_large_image\" \/>\n<meta name=\"twitter:label1\" content=\"Gesch\u00e4tzte Lesezeit\" \/>\n\t<meta name=\"twitter:data1\" content=\"2\u00a0Minuten\" \/>\n<script type=\"application\/ld+json\" class=\"yoast-schema-graph\">{\"@context\":\"https:\/\/schema.org\",\"@graph\":[{\"@type\":\"WebPage\",\"@id\":\"https:\/\/www.nest-systems.com\/de\/ueber-das-unternehmen\/\",\"url\":\"https:\/\/www.nest-systems.com\/de\/ueber-das-unternehmen\/\",\"name\":\"\u00dcber das Unternehmen - Nest Systems\",\"isPartOf\":{\"@id\":\"https:\/\/www.nest-systems.com\/en\/#website\"},\"primaryImageOfPage\":{\"@id\":\"https:\/\/www.nest-systems.com\/de\/ueber-das-unternehmen\/#primaryimage\"},\"image\":{\"@id\":\"https:\/\/www.nest-systems.com\/de\/ueber-das-unternehmen\/#primaryimage\"},\"thumbnailUrl\":\"https:\/\/www.nest-systems.com\/wp-content\/uploads\/2022\/09\/IMG_1008-copy-1-1024x686.jpg\",\"datePublished\":\"2022-07-13T13:14:59+00:00\",\"dateModified\":\"2022-09-15T08:06:12+00:00\",\"description\":\"Nest Systems besch\u00e4ftigen uns mit der Entwicklung innovativer L\u00f6sungen im Bereich akustische Signale und Schall\u00fcberwachung.\",\"breadcrumb\":{\"@id\":\"https:\/\/www.nest-systems.com\/de\/ueber-das-unternehmen\/#breadcrumb\"},\"inLanguage\":\"de\",\"potentialAction\":[{\"@type\":\"ReadAction\",\"target\":[\"https:\/\/www.nest-systems.com\/de\/ueber-das-unternehmen\/\"]}]},{\"@type\":\"ImageObject\",\"inLanguage\":\"de\",\"@id\":\"https:\/\/www.nest-systems.com\/de\/ueber-das-unternehmen\/#primaryimage\",\"url\":\"https:\/\/www.nest-systems.com\/wp-content\/uploads\/2022\/09\/IMG_1008-copy-1-1024x686.jpg\",\"contentUrl\":\"https:\/\/www.nest-systems.com\/wp-content\/uploads\/2022\/09\/IMG_1008-copy-1-1024x686.jpg\"},{\"@type\":\"BreadcrumbList\",\"@id\":\"https:\/\/www.nest-systems.com\/de\/ueber-das-unternehmen\/#breadcrumb\",\"itemListElement\":[{\"@type\":\"ListItem\",\"position\":1,\"name\":\"Home\",\"item\":\"https:\/\/www.nest-systems.com\/de\/\"},{\"@type\":\"ListItem\",\"position\":2,\"name\":\"\u00dcber das Unternehmen\"}]},{\"@type\":\"WebSite\",\"@id\":\"https:\/\/www.nest-systems.com\/en\/#website\",\"url\":\"https:\/\/www.nest-systems.com\/en\/\",\"name\":\"Nest Systems\",\"description\":\"\",\"publisher\":{\"@id\":\"https:\/\/www.nest-systems.com\/en\/#organization\"},\"potentialAction\":[{\"@type\":\"SearchAction\",\"target\":{\"@type\":\"EntryPoint\",\"urlTemplate\":\"https:\/\/www.nest-systems.com\/en\/?s={search_term_string}\"},\"query-input\":{\"@type\":\"PropertyValueSpecification\",\"valueRequired\":true,\"valueName\":\"search_term_string\"}}],\"inLanguage\":\"de\"},{\"@type\":\"Organization\",\"@id\":\"https:\/\/www.nest-systems.com\/en\/#organization\",\"name\":\"Nest Systems\",\"url\":\"https:\/\/www.nest-systems.com\/en\/\",\"logo\":{\"@type\":\"ImageObject\",\"inLanguage\":\"de\",\"@id\":\"https:\/\/www.nest-systems.com\/en\/#\/schema\/logo\/image\/\",\"url\":\"https:\/\/www.nest-systems.com\/wp-content\/uploads\/2022\/08\/Asset-1-3-1.png\",\"contentUrl\":\"https:\/\/www.nest-systems.com\/wp-content\/uploads\/2022\/08\/Asset-1-3-1.png\",\"width\":500,\"height\":152,\"caption\":\"Nest Systems\"},\"image\":{\"@id\":\"https:\/\/www.nest-systems.com\/en\/#\/schema\/logo\/image\/\"},\"sameAs\":[\"https:\/\/www.linkedin.com\/company\/nest-systems\/\"]}]}<\/script>\n<!-- \/ Yoast SEO plugin. -->","yoast_head_json":{"title":"\u00dcber das Unternehmen - Nest Systems","description":"Nest Systems besch\u00e4ftigen uns mit der Entwicklung innovativer L\u00f6sungen im Bereich akustische Signale und Schall\u00fcberwachung.","robots":{"index":"index","follow":"follow","max-snippet":"max-snippet:-1","max-image-preview":"max-image-preview:large","max-video-preview":"max-video-preview:-1"},"canonical":"https:\/\/www.nest-systems.com\/de\/ueber-das-unternehmen\/","og_locale":"de_DE","og_type":"article","og_title":"\u00dcber das Unternehmen - Nest Systems","og_description":"Nest Systems besch\u00e4ftigen uns mit der Entwicklung innovativer L\u00f6sungen im Bereich akustische Signale und Schall\u00fcberwachung.","og_url":"https:\/\/www.nest-systems.com\/de\/ueber-das-unternehmen\/","og_site_name":"Nest Systems","article_modified_time":"2022-09-15T08:06:12+00:00","og_image":[{"url":"https:\/\/www.nest-systems.com\/wp-content\/uploads\/2022\/09\/IMG_1008-copy-1-1024x686.jpg"}],"twitter_card":"summary_large_image","twitter_misc":{"Gesch\u00e4tzte Lesezeit":"2\u00a0Minuten"},"schema":{"@context":"https:\/\/schema.org","@graph":[{"@type":"WebPage","@id":"https:\/\/www.nest-systems.com\/de\/ueber-das-unternehmen\/","url":"https:\/\/www.nest-systems.com\/de\/ueber-das-unternehmen\/","name":"\u00dcber das Unternehmen - Nest Systems","isPartOf":{"@id":"https:\/\/www.nest-systems.com\/en\/#website"},"primaryImageOfPage":{"@id":"https:\/\/www.nest-systems.com\/de\/ueber-das-unternehmen\/#primaryimage"},"image":{"@id":"https:\/\/www.nest-systems.com\/de\/ueber-das-unternehmen\/#primaryimage"},"thumbnailUrl":"https:\/\/www.nest-systems.com\/wp-content\/uploads\/2022\/09\/IMG_1008-copy-1-1024x686.jpg","datePublished":"2022-07-13T13:14:59+00:00","dateModified":"2022-09-15T08:06:12+00:00","description":"Nest Systems besch\u00e4ftigen uns mit der Entwicklung innovativer L\u00f6sungen im Bereich akustische Signale und Schall\u00fcberwachung.","breadcrumb":{"@id":"https:\/\/www.nest-systems.com\/de\/ueber-das-unternehmen\/#breadcrumb"},"inLanguage":"de","potentialAction":[{"@type":"ReadAction","target":["https:\/\/www.nest-systems.com\/de\/ueber-das-unternehmen\/"]}]},{"@type":"ImageObject","inLanguage":"de","@id":"https:\/\/www.nest-systems.com\/de\/ueber-das-unternehmen\/#primaryimage","url":"https:\/\/www.nest-systems.com\/wp-content\/uploads\/2022\/09\/IMG_1008-copy-1-1024x686.jpg","contentUrl":"https:\/\/www.nest-systems.com\/wp-content\/uploads\/2022\/09\/IMG_1008-copy-1-1024x686.jpg"},{"@type":"BreadcrumbList","@id":"https:\/\/www.nest-systems.com\/de\/ueber-das-unternehmen\/#breadcrumb","itemListElement":[{"@type":"ListItem","position":1,"name":"Home","item":"https:\/\/www.nest-systems.com\/de\/"},{"@type":"ListItem","position":2,"name":"\u00dcber das Unternehmen"}]},{"@type":"WebSite","@id":"https:\/\/www.nest-systems.com\/en\/#website","url":"https:\/\/www.nest-systems.com\/en\/","name":"Nest Systems","description":"","publisher":{"@id":"https:\/\/www.nest-systems.com\/en\/#organization"},"potentialAction":[{"@type":"SearchAction","target":{"@type":"EntryPoint","urlTemplate":"https:\/\/www.nest-systems.com\/en\/?s={search_term_string}"},"query-input":{"@type":"PropertyValueSpecification","valueRequired":true,"valueName":"search_term_string"}}],"inLanguage":"de"},{"@type":"Organization","@id":"https:\/\/www.nest-systems.com\/en\/#organization","name":"Nest Systems","url":"https:\/\/www.nest-systems.com\/en\/","logo":{"@type":"ImageObject","inLanguage":"de","@id":"https:\/\/www.nest-systems.com\/en\/#\/schema\/logo\/image\/","url":"https:\/\/www.nest-systems.com\/wp-content\/uploads\/2022\/08\/Asset-1-3-1.png","contentUrl":"https:\/\/www.nest-systems.com\/wp-content\/uploads\/2022\/08\/Asset-1-3-1.png","width":500,"height":152,"caption":"Nest Systems"},"image":{"@id":"https:\/\/www.nest-systems.com\/en\/#\/schema\/logo\/image\/"},"sameAs":["https:\/\/www.linkedin.com\/company\/nest-systems\/"]}]}},"uagb_featured_image_src":{"full":false,"thumbnail":false,"medium":false,"medium_large":false,"large":false,"1536x1536":false,"2048x2048":false},"uagb_author_info":{"display_name":"W3bStudio","author_link":"https:\/\/www.nest-systems.com\/de\/author\/w3bstudio\/"},"uagb_comment_info":0,"uagb_excerpt":null,"_links":{"self":[{"href":"https:\/\/www.nest-systems.com\/de\/wp-json\/wp\/v2\/pages\/3226"}],"collection":[{"href":"https:\/\/www.nest-systems.com\/de\/wp-json\/wp\/v2\/pages"}],"about":[{"href":"https:\/\/www.nest-systems.com\/de\/wp-json\/wp\/v2\/types\/page"}],"author":[{"embeddable":true,"href":"https:\/\/www.nest-systems.com\/de\/wp-json\/wp\/v2\/users\/1"}],"replies":[{"embeddable":true,"href":"https:\/\/www.nest-systems.com\/de\/wp-json\/wp\/v2\/comments?post=3226"}],"version-history":[{"count":4,"href":"https:\/\/www.nest-systems.com\/de\/wp-json\/wp\/v2\/pages\/3226\/revisions"}],"predecessor-version":[{"id":4149,"href":"https:\/\/www.nest-systems.com\/de\/wp-json\/wp\/v2\/pages\/3226\/revisions\/4149"}],"wp:attachment":[{"href":"https:\/\/www.nest-systems.com\/de\/wp-json\/wp\/v2\/media?parent=3226"}],"curies":[{"name":"wp","href":"https:\/\/api.w.org\/{rel}","templated":true}]}}