{"id":3230,"date":"2022-07-13T13:14:49","date_gmt":"2022-07-13T13:14:49","guid":{"rendered":"https:\/\/www.nest-systems.com\/karriere\/"},"modified":"2022-08-30T12:45:00","modified_gmt":"2022-08-30T12:45:00","slug":"karriere","status":"publish","type":"page","link":"https:\/\/www.nest-systems.com\/de\/karriere\/","title":{"rendered":"Karriere"},"content":{"rendered":"\n<div class=\"wp-block-cover alignfull is-light banner-subpage\" style=\"min-height:250px;aspect-ratio:unset;\"><span aria-hidden=\"true\" class=\"wp-block-cover__background has-background-dim-0 has-background-dim\"><\/span><img loading=\"lazy\" decoding=\"async\" width=\"2560\" height=\"313\" class=\"wp-block-cover__image-background wp-image-3133\" alt=\"\" src=\"https:\/\/www.nest-systems.com\/wp-content\/uploads\/2022\/08\/banner1-5-scaled.webp\" data-object-fit=\"cover\" srcset=\"https:\/\/www.nest-systems.com\/wp-content\/uploads\/2022\/08\/banner1-5-scaled.webp 2560w, https:\/\/www.nest-systems.com\/wp-content\/uploads\/2022\/08\/banner1-5-500x61.webp 500w, https:\/\/www.nest-systems.com\/wp-content\/uploads\/2022\/08\/banner1-5-1024x125.webp 1024w, https:\/\/www.nest-systems.com\/wp-content\/uploads\/2022\/08\/banner1-5-768x94.webp 768w, https:\/\/www.nest-systems.com\/wp-content\/uploads\/2022\/08\/banner1-5-1536x188.webp 1536w, https:\/\/www.nest-systems.com\/wp-content\/uploads\/2022\/08\/banner1-5-2048x250.webp 2048w\" sizes=\"(max-width: 2560px) 100vw, 2560px\" \/><div class=\"wp-block-cover__inner-container is-layout-flow wp-block-cover-is-layout-flow\">\n<div class=\"wp-block-group container is-layout-flow wp-container-core-group-is-layout-1 wp-block-group-is-layout-flow\" style=\"border-style:none;border-width:0px;padding-top:0px;padding-right:0px;padding-bottom:0px;padding-left:0px\">\n<div class=\"wp-block-columns is-layout-flex wp-container-core-columns-is-layout-1 wp-block-columns-is-layout-flex\" style=\"padding-top:0px;padding-right:0px;padding-bottom:0px;padding-left:0px\">\n<div class=\"wp-block-column is-layout-flow wp-block-column-is-layout-flow\" style=\"padding-top:0px;padding-right:0px;padding-bottom:0px;padding-left:0px\"><h1 style=\"text-transform:uppercase;\" class=\"has-text-align-left is-style-default wp-block-post-title has-text-color has-primary-color\">Karriere<\/h1><\/div>\n<\/div>\n<\/div>\n<\/div><\/div>\n\n<div class=\"wp-block-group container is-layout-flow wp-block-group-is-layout-flow\">\n<h2 class=\"has-text-align-center is-style-underlined-heading has-primary-color has-text-color wp-block-heading\">Besch\u00e4ftigung<\/h2>\n\n\n\n<div class=\"wp-block-columns is-layout-flex wp-container-core-columns-is-layout-2 wp-block-columns-is-layout-flex\">\n<div class=\"wp-block-column is-layout-flow wp-block-column-is-layout-flow\">\n<p><strong>Suchen Sie einen Job bei einem international anerkannten und erfolgreichen Unternehmen?<\/strong><\/p>\n\n\n\n<p>Wir laden Sie ein, Teil eines schnell wachsenden Unternehmens zu werden, in dem Integrit\u00e4t, Transparenz, Verantwortung und ein fairer Umgang mit Kunden, Mitarbeitern und Gesch\u00e4ftspartnern an erster Stelle stehen.<\/p>\n\n\n\n<p>Aufgrund des Wunsches, auf den ausl\u00e4ndischen Markt zu expandieren, suchen wir zur Unterst\u00fctzung fachlich anspruchsvolles Personal im Bereich der akustischen Signalverarbeitung und Verst\u00e4ndnis der Verfahrenstechnik. Bei Nest Systems bieten wir Ihnen ein hochwertiges Arbeitsumfeld mit einem jungen und professionellen Team und die Entwicklung der neuesten Produkte f\u00fcr globale Kunden.<\/p>\n\n\n\n<p>Wenn Sie sich in der Beschreibung wiederfinden und motiviert sind f\u00fcr einen neuen Karriereweg, der zu einem weltweit f\u00fchrenden Unternehmen im Bereich der Schall\u00fcberwachung f\u00fchrt, kontaktieren Sie uns bitte per E-Mail.<\/p>\n<\/div>\n\n\n\n<div class=\"wp-block-column is-layout-flow wp-block-column-is-layout-flow\" style=\"flex-basis:10px\"><\/div>\n\n\n\n<div class=\"wp-block-column is-layout-flow wp-block-column-is-layout-flow\">\n<figure class=\"wp-block-image size-large\"><img loading=\"lazy\" decoding=\"async\" width=\"1024\" height=\"683\" src=\"https:\/\/www.nest-systems.com\/wp-content\/uploads\/2022\/08\/shutterstock_1378191401-1024x683.jpg\" alt=\"\" class=\"wp-image-3128\" srcset=\"https:\/\/www.nest-systems.com\/wp-content\/uploads\/2022\/08\/shutterstock_1378191401-1024x683.jpg 1024w, https:\/\/www.nest-systems.com\/wp-content\/uploads\/2022\/08\/shutterstock_1378191401-500x333.jpg 500w, https:\/\/www.nest-systems.com\/wp-content\/uploads\/2022\/08\/shutterstock_1378191401-768x512.jpg 768w, https:\/\/www.nest-systems.com\/wp-content\/uploads\/2022\/08\/shutterstock_1378191401-1536x1024.jpg 1536w, https:\/\/www.nest-systems.com\/wp-content\/uploads\/2022\/08\/shutterstock_1378191401-2048x1365.jpg 2048w\" sizes=\"(max-width: 1024px) 100vw, 1024px\" \/><\/figure>\n<\/div>\n<\/div>\n\n\n\n<p class=\"is-style-hover-links\"><a href=\"mailto:info@nestsystems.si\"><strong>info@nestsystems.si<\/strong><\/a><\/p>\n\n\n\n<div style=\"height:100px\" aria-hidden=\"true\" class=\"wp-block-spacer\"><\/div>\n<\/div>\n\n<div style=\"height:100px\" aria-hidden=\"true\" class=\"wp-block-spacer\"><\/div>\n","protected":false},"excerpt":{"rendered":"<p>Besch\u00e4ftigung Suchen Sie einen Job bei einem international anerkannten und erfolgreichen Unternehmen? Wir laden Sie ein, Teil eines schnell wachsenden [&hellip;]<\/p>\n","protected":false},"author":1,"featured_media":0,"parent":0,"menu_order":0,"comment_status":"closed","ping_status":"closed","template":"","meta":{"_eb_attr":"","_uag_custom_page_level_css":"","footnotes":""},"class_list":["post-3230","page","type-page","status-publish","hentry"],"yoast_head":"<!-- This site is optimized with the Yoast SEO plugin v23.4 - https:\/\/yoast.com\/wordpress\/plugins\/seo\/ -->\n<title>Karriere - Nest Systems<\/title>\n<meta name=\"robots\" content=\"index, follow, max-snippet:-1, max-image-preview:large, max-video-preview:-1\" \/>\n<link rel=\"canonical\" href=\"https:\/\/www.nest-systems.com\/de\/karriere\/\" \/>\n<meta property=\"og:locale\" content=\"de_DE\" \/>\n<meta property=\"og:type\" content=\"article\" \/>\n<meta property=\"og:title\" content=\"Karriere - Nest Systems\" \/>\n<meta property=\"og:description\" content=\"Besch\u00e4ftigung Suchen Sie einen Job bei einem international anerkannten und erfolgreichen Unternehmen? Wir laden Sie ein, Teil eines schnell wachsenden [&hellip;]\" \/>\n<meta property=\"og:url\" content=\"https:\/\/www.nest-systems.com\/de\/karriere\/\" \/>\n<meta property=\"og:site_name\" content=\"Nest Systems\" \/>\n<meta property=\"article:modified_time\" content=\"2022-08-30T12:45:00+00:00\" \/>\n<meta property=\"og:image\" content=\"https:\/\/www.nest-systems.com\/wp-content\/uploads\/2022\/08\/shutterstock_1378191401-1024x683.jpg\" \/>\n<meta name=\"twitter:card\" content=\"summary_large_image\" \/>\n<meta name=\"twitter:label1\" content=\"Gesch\u00e4tzte Lesezeit\" \/>\n\t<meta name=\"twitter:data1\" content=\"1\u00a0Minute\" \/>\n<script type=\"application\/ld+json\" class=\"yoast-schema-graph\">{\"@context\":\"https:\/\/schema.org\",\"@graph\":[{\"@type\":\"WebPage\",\"@id\":\"https:\/\/www.nest-systems.com\/de\/karriere\/\",\"url\":\"https:\/\/www.nest-systems.com\/de\/karriere\/\",\"name\":\"Karriere - Nest Systems\",\"isPartOf\":{\"@id\":\"https:\/\/www.nest-systems.com\/en\/#website\"},\"primaryImageOfPage\":{\"@id\":\"https:\/\/www.nest-systems.com\/de\/karriere\/#primaryimage\"},\"image\":{\"@id\":\"https:\/\/www.nest-systems.com\/de\/karriere\/#primaryimage\"},\"thumbnailUrl\":\"https:\/\/www.nest-systems.com\/wp-content\/uploads\/2022\/08\/shutterstock_1378191401-1024x683.jpg\",\"datePublished\":\"2022-07-13T13:14:49+00:00\",\"dateModified\":\"2022-08-30T12:45:00+00:00\",\"breadcrumb\":{\"@id\":\"https:\/\/www.nest-systems.com\/de\/karriere\/#breadcrumb\"},\"inLanguage\":\"de\",\"potentialAction\":[{\"@type\":\"ReadAction\",\"target\":[\"https:\/\/www.nest-systems.com\/de\/karriere\/\"]}]},{\"@type\":\"ImageObject\",\"inLanguage\":\"de\",\"@id\":\"https:\/\/www.nest-systems.com\/de\/karriere\/#primaryimage\",\"url\":\"https:\/\/www.nest-systems.com\/wp-content\/uploads\/2022\/08\/shutterstock_1378191401-1024x683.jpg\",\"contentUrl\":\"https:\/\/www.nest-systems.com\/wp-content\/uploads\/2022\/08\/shutterstock_1378191401-1024x683.jpg\"},{\"@type\":\"BreadcrumbList\",\"@id\":\"https:\/\/www.nest-systems.com\/de\/karriere\/#breadcrumb\",\"itemListElement\":[{\"@type\":\"ListItem\",\"position\":1,\"name\":\"Home\",\"item\":\"https:\/\/www.nest-systems.com\/de\/\"},{\"@type\":\"ListItem\",\"position\":2,\"name\":\"Karriere\"}]},{\"@type\":\"WebSite\",\"@id\":\"https:\/\/www.nest-systems.com\/en\/#website\",\"url\":\"https:\/\/www.nest-systems.com\/en\/\",\"name\":\"Nest Systems\",\"description\":\"\",\"publisher\":{\"@id\":\"https:\/\/www.nest-systems.com\/en\/#organization\"},\"potentialAction\":[{\"@type\":\"SearchAction\",\"target\":{\"@type\":\"EntryPoint\",\"urlTemplate\":\"https:\/\/www.nest-systems.com\/en\/?s={search_term_string}\"},\"query-input\":{\"@type\":\"PropertyValueSpecification\",\"valueRequired\":true,\"valueName\":\"search_term_string\"}}],\"inLanguage\":\"de\"},{\"@type\":\"Organization\",\"@id\":\"https:\/\/www.nest-systems.com\/en\/#organization\",\"name\":\"Nest Systems\",\"url\":\"https:\/\/www.nest-systems.com\/en\/\",\"logo\":{\"@type\":\"ImageObject\",\"inLanguage\":\"de\",\"@id\":\"https:\/\/www.nest-systems.com\/en\/#\/schema\/logo\/image\/\",\"url\":\"https:\/\/www.nest-systems.com\/wp-content\/uploads\/2022\/08\/Asset-1-3-1.png\",\"contentUrl\":\"https:\/\/www.nest-systems.com\/wp-content\/uploads\/2022\/08\/Asset-1-3-1.png\",\"width\":500,\"height\":152,\"caption\":\"Nest Systems\"},\"image\":{\"@id\":\"https:\/\/www.nest-systems.com\/en\/#\/schema\/logo\/image\/\"},\"sameAs\":[\"https:\/\/www.linkedin.com\/company\/nest-systems\/\"]}]}<\/script>\n<!-- \/ Yoast SEO plugin. -->","yoast_head_json":{"title":"Karriere - Nest Systems","robots":{"index":"index","follow":"follow","max-snippet":"max-snippet:-1","max-image-preview":"max-image-preview:large","max-video-preview":"max-video-preview:-1"},"canonical":"https:\/\/www.nest-systems.com\/de\/karriere\/","og_locale":"de_DE","og_type":"article","og_title":"Karriere - Nest Systems","og_description":"Besch\u00e4ftigung Suchen Sie einen Job bei einem international anerkannten und erfolgreichen Unternehmen? Wir laden Sie ein, Teil eines schnell wachsenden [&hellip;]","og_url":"https:\/\/www.nest-systems.com\/de\/karriere\/","og_site_name":"Nest Systems","article_modified_time":"2022-08-30T12:45:00+00:00","og_image":[{"url":"https:\/\/www.nest-systems.com\/wp-content\/uploads\/2022\/08\/shutterstock_1378191401-1024x683.jpg"}],"twitter_card":"summary_large_image","twitter_misc":{"Gesch\u00e4tzte Lesezeit":"1\u00a0Minute"},"schema":{"@context":"https:\/\/schema.org","@graph":[{"@type":"WebPage","@id":"https:\/\/www.nest-systems.com\/de\/karriere\/","url":"https:\/\/www.nest-systems.com\/de\/karriere\/","name":"Karriere - Nest Systems","isPartOf":{"@id":"https:\/\/www.nest-systems.com\/en\/#website"},"primaryImageOfPage":{"@id":"https:\/\/www.nest-systems.com\/de\/karriere\/#primaryimage"},"image":{"@id":"https:\/\/www.nest-systems.com\/de\/karriere\/#primaryimage"},"thumbnailUrl":"https:\/\/www.nest-systems.com\/wp-content\/uploads\/2022\/08\/shutterstock_1378191401-1024x683.jpg","datePublished":"2022-07-13T13:14:49+00:00","dateModified":"2022-08-30T12:45:00+00:00","breadcrumb":{"@id":"https:\/\/www.nest-systems.com\/de\/karriere\/#breadcrumb"},"inLanguage":"de","potentialAction":[{"@type":"ReadAction","target":["https:\/\/www.nest-systems.com\/de\/karriere\/"]}]},{"@type":"ImageObject","inLanguage":"de","@id":"https:\/\/www.nest-systems.com\/de\/karriere\/#primaryimage","url":"https:\/\/www.nest-systems.com\/wp-content\/uploads\/2022\/08\/shutterstock_1378191401-1024x683.jpg","contentUrl":"https:\/\/www.nest-systems.com\/wp-content\/uploads\/2022\/08\/shutterstock_1378191401-1024x683.jpg"},{"@type":"BreadcrumbList","@id":"https:\/\/www.nest-systems.com\/de\/karriere\/#breadcrumb","itemListElement":[{"@type":"ListItem","position":1,"name":"Home","item":"https:\/\/www.nest-systems.com\/de\/"},{"@type":"ListItem","position":2,"name":"Karriere"}]},{"@type":"WebSite","@id":"https:\/\/www.nest-systems.com\/en\/#website","url":"https:\/\/www.nest-systems.com\/en\/","name":"Nest Systems","description":"","publisher":{"@id":"https:\/\/www.nest-systems.com\/en\/#organization"},"potentialAction":[{"@type":"SearchAction","target":{"@type":"EntryPoint","urlTemplate":"https:\/\/www.nest-systems.com\/en\/?s={search_term_string}"},"query-input":{"@type":"PropertyValueSpecification","valueRequired":true,"valueName":"search_term_string"}}],"inLanguage":"de"},{"@type":"Organization","@id":"https:\/\/www.nest-systems.com\/en\/#organization","name":"Nest Systems","url":"https:\/\/www.nest-systems.com\/en\/","logo":{"@type":"ImageObject","inLanguage":"de","@id":"https:\/\/www.nest-systems.com\/en\/#\/schema\/logo\/image\/","url":"https:\/\/www.nest-systems.com\/wp-content\/uploads\/2022\/08\/Asset-1-3-1.png","contentUrl":"https:\/\/www.nest-systems.com\/wp-content\/uploads\/2022\/08\/Asset-1-3-1.png","width":500,"height":152,"caption":"Nest Systems"},"image":{"@id":"https:\/\/www.nest-systems.com\/en\/#\/schema\/logo\/image\/"},"sameAs":["https:\/\/www.linkedin.com\/company\/nest-systems\/"]}]}},"uagb_featured_image_src":{"full":false,"thumbnail":false,"medium":false,"medium_large":false,"large":false,"1536x1536":false,"2048x2048":false},"uagb_author_info":{"display_name":"W3bStudio","author_link":"https:\/\/www.nest-systems.com\/de\/author\/w3bstudio\/"},"uagb_comment_info":0,"uagb_excerpt":"Besch\u00e4ftigung Suchen Sie einen Job bei einem international anerkannten und erfolgreichen Unternehmen? Wir laden Sie ein, Teil eines schnell wachsenden [&hellip;]","_links":{"self":[{"href":"https:\/\/www.nest-systems.com\/de\/wp-json\/wp\/v2\/pages\/3230"}],"collection":[{"href":"https:\/\/www.nest-systems.com\/de\/wp-json\/wp\/v2\/pages"}],"about":[{"href":"https:\/\/www.nest-systems.com\/de\/wp-json\/wp\/v2\/types\/page"}],"author":[{"embeddable":true,"href":"https:\/\/www.nest-systems.com\/de\/wp-json\/wp\/v2\/users\/1"}],"replies":[{"embeddable":true,"href":"https:\/\/www.nest-systems.com\/de\/wp-json\/wp\/v2\/comments?post=3230"}],"version-history":[{"count":1,"href":"https:\/\/www.nest-systems.com\/de\/wp-json\/wp\/v2\/pages\/3230\/revisions"}],"predecessor-version":[{"id":3231,"href":"https:\/\/www.nest-systems.com\/de\/wp-json\/wp\/v2\/pages\/3230\/revisions\/3231"}],"wp:attachment":[{"href":"https:\/\/www.nest-systems.com\/de\/wp-json\/wp\/v2\/media?parent=3230"}],"curies":[{"name":"wp","href":"https:\/\/api.w.org\/{rel}","templated":true}]}}