{"id":3253,"date":"2022-07-28T13:25:12","date_gmt":"2022-07-28T13:25:12","guid":{"rendered":"https:\/\/www.nest-systems.com\/systeme-zur-bestimmung-des-sicheren-sprechbereichs\/"},"modified":"2022-09-01T08:08:30","modified_gmt":"2022-09-01T08:08:30","slug":"systeme-zur-bestimmung-des-sicheren-sprechbereichs","status":"publish","type":"page","link":"https:\/\/www.nest-systems.com\/de\/systeme-zur-bestimmung-des-sicheren-sprechbereichs\/","title":{"rendered":"Systeme zur Bestimmung des sicheren Sprechbereichs"},"content":{"rendered":"\n<div class=\"wp-block-group container izdelki has-primary-color has-text-color is-layout-flow wp-block-group-is-layout-flow\">\n<div style=\"height:40px\" aria-hidden=\"true\" class=\"wp-block-spacer\"><\/div>\n\n\n\n<div class=\"wp-block-columns CONTAINER is-layout-flex wp-container-core-columns-is-layout-1 wp-block-columns-is-layout-flex\">\n<div class=\"wp-block-column is-layout-flow wp-block-column-is-layout-flow\">\n<div class=\"wp-block-group is-layout-flow wp-block-group-is-layout-flow\">\n<div class=\"wp-block-group is-layout-flow wp-container-core-group-is-layout-1 wp-block-group-is-layout-flow\">\n<h1 class=\"has-primary-color has-text-color wp-block-heading\" style=\"font-style:normal;font-weight:500\">Systeme zur Bestimmung des sicheren Sprechbereichs<\/h1>\n\n\n\n<h1 class=\"has-primary-color has-text-color wp-block-heading\" style=\"font-style:normal;font-weight:500\"><strong>ACOUSTIC SCRAMBLER<\/strong><\/h1>\n<\/div>\n\n\n\n<div style=\"height:30px\" aria-hidden=\"true\" class=\"wp-block-spacer\"><\/div>\n\n\n\n<p class=\"has-primary-color has-text-color\" style=\"font-style:normal;font-weight:600;line-height:1.4\">Acoustic Scrambler ist ein fortschrittliches System zur Bestimmung des Bereichs sicherer Sprache. Es definiert den Bereich, in dem die Sprachverst\u00e4ndlichkeit unter die Grenze der Definition von verst\u00e4ndlicher Sprache f\u00e4llt.<\/p>\n\n\n\n<p>Es arbeitet nach dem STI-Messprinzip bzw. STIPa-Index, bei dem wir mit Hilfe eines speziell modulierten Signals die kritischen Bereiche des betrachteten Raums definieren. Die Messung erfolgt mit Hilfe eines kalibrierten Mikrofons, das die \u00dcbertragung von Schallwellen durch die Luft (vom Treffpunkt bis zum kritischen Punkt) misst, oder mithilfe eines Vibrationssensors, der die \u00dcbertragung des Schalls vom Sprecher zu umgebenden Objekten misst, \u00fcber die der Ton \u00fcbertragen werden kann.<br>Der Messvorgang ist sehr einfach. Wir platzieren einen Lautsprecher und ein Messmikrofon oder einen Vibrationssensor an der Stelle, an der wir die Sprachverst\u00e4ndlichkeit \u00fcberpr\u00fcfen m\u00f6chten, und die Messung wird mit einem PC, Tablet oder Mobiltelefon durchgef\u00fchrt. Das Messsystem ist voll automatisiert und f\u00fchrt den Benutzer zum Abschlussbericht.<\/p>\n\n\n\n<div style=\"height:80px\" aria-hidden=\"true\" class=\"wp-block-spacer\"><\/div>\n<\/div>\n<\/div>\n\n\n\n<div class=\"wp-block-column is-layout-flow wp-block-column-is-layout-flow\">\n<figure class=\"wp-block-image size-full MAIN-IMAGE\"><img loading=\"lazy\" decoding=\"async\" width=\"652\" height=\"600\" src=\"https:\/\/www.nest-systems.com\/wp-content\/uploads\/2022\/08\/acoustic_scrambler.webp\" alt=\"\" class=\"wp-image-3068\" srcset=\"https:\/\/www.nest-systems.com\/wp-content\/uploads\/2022\/08\/acoustic_scrambler.webp 652w, https:\/\/www.nest-systems.com\/wp-content\/uploads\/2022\/08\/acoustic_scrambler-500x460.webp 500w\" sizes=\"(max-width: 652px) 100vw, 652px\" \/><\/figure>\n<\/div>\n<\/div>\n\n\n\n<div class=\"wp-block-essential-blocks-toggle-content toggle-content-block toggle-de\"><div class=\"eb-parent-wrapper eb-parent-eb-toggle-8yqv8ky \"><div class=\"eb-toggle-8yqv8ky eb-toggle-wrapper\" data-init-content=\"primary\" data-size=\"m\" data-switch-style=\"rectangle\" data-bg-type=\"solid\" data-bg-gradient=\"linear-gradient(45deg,#00F260,#0575E6)\" data-primary-color=\"#5699d3\" data-secondary-color=\"#5699d3\" data-active-color=\"#5699d3\"><div class=\"eb-toggle-heading\" style=\"display:none\"><input type=\"checkbox\" class=\"eb-text-switch-checkbox\" id=\"eb-176d0020-2f5f-460b-9142-bdf49ecf904a\" style=\"display:none\"\/><div class=\"eb-text-switch-wrapper\"><div class=\"eb-text-switch-content\" style=\"margin-left:auto;margin-right:auto\"><label class=\"eb-text-switch-label\" for=\"eb-176d0020-2f5f-460b-9142-bdf49ecf904a\"><div class=\"eb-text-switch-toggle\"><\/div><div class=\"eb-switch-names\"><span class=\"eb-toggle-primary-label-text\">EIGENSCHAFTEN<\/span><span class=\"eb-toggle-secondary-label-text\">EINZELTEILE<\/span><\/div><\/label><\/div><\/div><\/div><div class=\"eb-toggle-heading\" style=\"display:block\"><span class=\"eb-toggle-primary-label\">EIGENSCHAFTEN<\/span><label class=\"eb-toggle-switch toggle-m\"><input class=\"eb-toggle-input\" type=\"checkbox\"\/><span class=\"eb-toggle-controller\"><\/span><span class=\"eb-toggle-slider\"><\/span><\/label><span class=\"eb-toggle-none eb-toggle-seperator\"><\/span><span class=\"eb-toggle-secondary-label\">EINZELTEILE<\/span><\/div><div class=\"eb-toggle-content\">\n<div class=\"wp-block-group lastonosti has-primary-color has-text-color is-layout-flow wp-block-group-is-layout-flow\">\n<div class=\"wp-block-group is-layout-flow wp-container-core-group-is-layout-3 wp-block-group-is-layout-flow\">\n<p class=\"circle-heading has-primary-color has-text-color\" style=\"font-style:normal;font-weight:600\">\u00dcbereinstimmung mit der Norm IEC 60268-16.<\/p>\n<\/div>\n\n\n\n<div class=\"wp-block-group is-layout-flow wp-container-core-group-is-layout-4 wp-block-group-is-layout-flow\">\n<p class=\"circle-heading\" style=\"font-style:normal;font-weight:600\">H\u00f6ren des Sendesignals live \u00fcber Kopfh\u00f6rer oder ein Tablet<\/p>\n\n\n\n<pre class=\"wp-block-preformatted\">- mit Hilfe eines Tablets k\u00f6nnen wir das Live-Signal sogar in einem anderen Raum h\u00f6ren.<\/pre>\n<\/div>\n\n\n\n<div class=\"wp-block-group is-layout-flow wp-container-core-group-is-layout-5 wp-block-group-is-layout-flow\">\n<p class=\"circle-heading has-primary-color has-text-color\" style=\"font-style:normal;font-weight:600\">M\u00f6glichkeit, eigene Audioaufnahmen abzuspielen<\/p>\n\n\n\n<pre class=\"wp-block-preformatted\">- subjektive \u00dcberpr\u00fcfung der Zuverl\u00e4ssigkeit von Ergebnissen aus dem aktuellen oder benachbarten Raum<\/pre>\n<\/div>\n\n\n\n<div class=\"wp-block-group is-layout-flow wp-container-core-group-is-layout-6 wp-block-group-is-layout-flow\">\n<p class=\"circle-heading\" style=\"font-style:normal;font-weight:600\">Generierter PDF-Bericht \u00fcber die Ergebnisse<\/p>\n\n\n\n<pre class=\"wp-block-preformatted\">- Bericht mit STI- und STIPa-Index, der zwischen 0 und 1 variiert:\n&gt; 0 steht f\u00fcr schlechte Sprachverst\u00e4ndlichkeit und hohe Sicherheit\n&gt; 1 steht f\u00fcr gute Sprachverst\u00e4ndlichkeit und geringe Sicherheit\n<\/pre>\n<\/div>\n<\/div>\n\n\n\n<div class=\"wp-block-group posamezni-deli has-text-color is-layout-flow wp-container-core-group-is-layout-38 wp-block-group-is-layout-flow\" style=\"color:#5699d3\">\n<div class=\"wp-block-columns is-layout-flex wp-container-core-columns-is-layout-2 wp-block-columns-is-layout-flex\">\n<div class=\"wp-block-column posamezni-deli-column is-layout-flow wp-container-core-column-is-layout-3 wp-block-column-is-layout-flow\">\n<div class=\"wp-block-group is-nowrap is-layout-flex wp-container-core-group-is-layout-9 wp-block-group-is-layout-flex\">\n<div class=\"wp-block-group circle-number has-white-color has-text-color has-background has-normal-font-size is-layout-flow wp-block-group-is-layout-flow\" style=\"background-color:#5699d3;border-radius:50%;font-style:normal;font-weight:800;padding-top:0px;padding-right:0px;padding-bottom:0px;padding-left:0px\">\n<p class=\"has-text-align-center\">1<\/p>\n<\/div>\n\n\n\n<p id=\"hover-01\" style=\"font-style:normal;font-weight:800\">MESSMIKROFON<\/p>\n<\/div>\n\n\n\n<div class=\"wp-block-group is-layout-flow wp-container-core-group-is-layout-12 wp-block-group-is-layout-flow\" style=\"padding-left:25px\">\n<div class=\"wp-block-group is-nowrap is-layout-flex wp-container-core-group-is-layout-11 wp-block-group-is-layout-flex\" style=\"padding-left:3px\">\n<div class=\"wp-block-group is-content-justification-left is-nowrap is-layout-flex wp-container-core-group-is-layout-10 wp-block-group-is-layout-flex\" style=\"padding-left:25px\">\n<pre class=\"wp-block-preformatted has-tiny-font-size\" style=\"line-height:1.4\">Messmikrofon Class 1:\n- Maximaler Effektivwert 137 dBa, \n- 120 dB Dynamikumfang ohne Gain-Korrektur,<\/pre>\n<\/div>\n<\/div>\n<\/div>\n<\/div>\n\n\n\n<div class=\"wp-block-column posamezni-deli-column is-layout-flow wp-container-core-column-is-layout-4 wp-block-column-is-layout-flow\">\n<div class=\"wp-block-group is-nowrap is-layout-flex wp-container-core-group-is-layout-14 wp-block-group-is-layout-flex\">\n<div class=\"wp-block-group circle-number has-white-color has-text-color has-background has-normal-font-size is-layout-flow wp-block-group-is-layout-flow\" style=\"background-color:#5699d3;border-radius:50%;font-style:normal;font-weight:800;padding-top:0px;padding-right:0px;padding-bottom:0px;padding-left:0px\">\n<p class=\"has-text-align-center\">2<\/p>\n<\/div>\n\n\n\n<p id=\"hover-02\" style=\"font-style:normal;font-weight:800\">SCHWINGUNGSSENSOR<\/p>\n<\/div>\n\n\n\n<div class=\"wp-block-group is-layout-flow wp-container-core-group-is-layout-17 wp-block-group-is-layout-flow\" style=\"padding-left:25px\">\n<div class=\"wp-block-group is-nowrap is-layout-flex wp-container-core-group-is-layout-16 wp-block-group-is-layout-flex\">\n<div class=\"wp-block-group is-layout-flow wp-container-core-group-is-layout-15 wp-block-group-is-layout-flow\" style=\"border-radius:0px;padding-left:25px\">\n<pre class=\"wp-block-preformatted has-tiny-font-size\" style=\"line-height:1.4\">Kalibrierter Vibrationssensor\n- Empfindlichkeit: 100 mv\/g\n- Reichweite: 50 g<\/pre>\n<\/div>\n<\/div>\n<\/div>\n<\/div>\n\n\n\n<div class=\"wp-block-column posamezni-deli-column is-layout-flow wp-container-core-column-is-layout-5 wp-block-column-is-layout-flow\">\n<div class=\"wp-block-group is-nowrap is-layout-flex wp-container-core-group-is-layout-19 wp-block-group-is-layout-flex\">\n<div class=\"wp-block-group circle-number has-white-color has-text-color has-background has-normal-font-size is-layout-flow wp-block-group-is-layout-flow\" style=\"background-color:#5699d3;border-radius:50%;font-style:normal;font-weight:800;padding-top:0px;padding-right:0px;padding-bottom:0px;padding-left:0px\">\n<p class=\"has-text-align-center\">3<\/p>\n<\/div>\n\n\n\n<p id=\"hover-03\" style=\"font-style:normal;font-weight:800\">TABLET<\/p>\n<\/div>\n\n\n\n<div class=\"wp-block-group is-layout-flow wp-block-group-is-layout-flow\" style=\"padding-left:25px\">\n<div class=\"wp-block-group is-content-justification-left is-nowrap is-layout-flex wp-container-core-group-is-layout-20 wp-block-group-is-layout-flex\" style=\"padding-left:25px\">\n<pre class=\"wp-block-preformatted has-tiny-font-size\" style=\"line-height:1.4\">Tablet-Computer f\u00fcr die Messverwaltung<\/pre>\n<\/div>\n<\/div>\n<\/div>\n\n\n\n<div class=\"wp-block-column posamezni-deli-column is-layout-flow wp-container-core-column-is-layout-6 wp-block-column-is-layout-flow\">\n<div class=\"wp-block-group is-nowrap is-layout-flex wp-container-core-group-is-layout-23 wp-block-group-is-layout-flex\">\n<div class=\"wp-block-group circle-number has-white-color has-text-color has-background has-normal-font-size is-layout-flow wp-block-group-is-layout-flow\" style=\"background-color:#5699d3;border-radius:50%;font-style:normal;font-weight:800;padding-top:0px;padding-right:0px;padding-bottom:0px;padding-left:0px\">\n<p class=\"has-text-align-center\">4<\/p>\n<\/div>\n\n\n\n<p id=\"hover-04\" style=\"font-style:normal;font-weight:800\">LAUTSPRECHER<\/p>\n<\/div>\n\n\n\n<div class=\"wp-block-group is-layout-flow wp-block-group-is-layout-flow\" style=\"padding-left:25px\">\n<div class=\"wp-block-group is-content-justification-left is-nowrap is-layout-flex wp-container-core-group-is-layout-24 wp-block-group-is-layout-flex\" style=\"padding-left:25px\">\n<pre class=\"wp-block-preformatted has-tiny-font-size\" style=\"line-height:1.4\">Drahtloser Lautsprecher zum Abspielen eines modellierten Signals<\/pre>\n<\/div>\n<\/div>\n<\/div>\n<\/div>\n\n\n\n<div class=\"wp-block-columns is-layout-flex wp-container-core-columns-is-layout-3 wp-block-columns-is-layout-flex\">\n<div class=\"wp-block-column posamezni-deli-column is-layout-flow wp-container-core-column-is-layout-7 wp-block-column-is-layout-flow\">\n<div class=\"wp-block-group is-nowrap is-layout-flex wp-container-core-group-is-layout-27 wp-block-group-is-layout-flex\">\n<div class=\"wp-block-group circle-number has-white-color has-text-color has-background has-normal-font-size is-layout-flow wp-block-group-is-layout-flow\" style=\"background-color:#5699d3;border-radius:50%;font-style:normal;font-weight:800;padding-top:0px;padding-right:0px;padding-bottom:0px;padding-left:0px\">\n<p class=\"has-text-align-center\">5<\/p>\n<\/div>\n\n\n\n<p id=\"hover-05\" style=\"font-style:normal;font-weight:800\">KOPFH\u00d6RER<\/p>\n<\/div>\n\n\n\n<div class=\"wp-block-group is-layout-flow wp-block-group-is-layout-flow\" style=\"padding-left:25px\">\n<div class=\"wp-block-group is-content-justification-left is-nowrap is-layout-flex wp-container-core-group-is-layout-28 wp-block-group-is-layout-flex\" style=\"padding-left:25px\">\n<pre class=\"wp-block-preformatted has-tiny-font-size\" style=\"line-height:1.4\">Kopfh\u00f6rer zum Live-H\u00f6ren\n<\/pre>\n<\/div>\n<\/div>\n<\/div>\n\n\n\n<div class=\"wp-block-column posamezni-deli-column is-layout-flow wp-container-core-column-is-layout-8 wp-block-column-is-layout-flow\">\n<div class=\"wp-block-group is-nowrap is-layout-flex wp-container-core-group-is-layout-31 wp-block-group-is-layout-flex\">\n<div class=\"wp-block-group circle-number has-white-color has-text-color has-background has-normal-font-size is-layout-flow wp-block-group-is-layout-flow\" style=\"background-color:#5699d3;border-radius:50%;font-style:normal;font-weight:800;padding-top:0px;padding-right:0px;padding-bottom:0px;padding-left:0px\">\n<p class=\"has-text-align-center\">6<\/p>\n<\/div>\n\n\n\n<p style=\"font-style:normal;font-weight:800\">AUDIOAUSGANG<\/p>\n<\/div>\n\n\n\n<div class=\"wp-block-group is-layout-flow wp-block-group-is-layout-flow\" style=\"padding-left:25px\">\n<div class=\"wp-block-group is-content-justification-left is-nowrap is-layout-flex wp-container-core-group-is-layout-32 wp-block-group-is-layout-flex\" style=\"padding-left:25px\">\n<pre class=\"wp-block-preformatted has-tiny-font-size\" style=\"line-height:1.4\">- zum Anschluss an das vorhandene Soundsystem\n<\/pre>\n<\/div>\n<\/div>\n<\/div>\n\n\n\n<div class=\"wp-block-column posamezni-deli-column is-layout-flow wp-container-core-column-is-layout-9 wp-block-column-is-layout-flow\">\n<div class=\"wp-block-group is-nowrap is-layout-flex wp-container-core-group-is-layout-35 wp-block-group-is-layout-flex\">\n<div class=\"wp-block-group circle-number has-white-color has-text-color has-background has-normal-font-size is-layout-flow wp-block-group-is-layout-flow\" style=\"background-color:#5699d3;border-radius:50%;font-style:normal;font-weight:800;padding-top:0px;padding-right:0px;padding-bottom:0px;padding-left:0px\">\n<p class=\"has-text-align-center\">7<\/p>\n<\/div>\n\n\n\n<p id=\"hover-07\" style=\"font-style:normal;font-weight:800\">KOFFER<\/p>\n<\/div>\n\n\n\n<div class=\"wp-block-group is-layout-flow wp-block-group-is-layout-flow\" style=\"padding-left:25px\">\n<div class=\"wp-block-group is-content-justification-left is-nowrap is-layout-flex wp-container-core-group-is-layout-36 wp-block-group-is-layout-flex\" style=\"padding-left:25px\">\n<pre class=\"wp-block-preformatted has-tiny-font-size\" style=\"line-height:1.4\">- mit Messger\u00e4t und eingebautem Akku<\/pre>\n<\/div>\n<\/div>\n<\/div>\n\n\n\n<div class=\"wp-block-column posamezni-deli-column is-layout-flow wp-container-core-column-is-layout-10 wp-block-column-is-layout-flow\"><\/div>\n<\/div>\n<\/div>\n<\/div><\/div><\/div><\/div>\n\n\n\n<div style=\"height:200px\" aria-hidden=\"true\" class=\"wp-block-spacer\"><\/div>\n<\/div>\n","protected":false},"excerpt":{"rendered":"<p>Systeme zur Bestimmung des sicheren Sprechbereichs ACOUSTIC SCRAMBLER Acoustic Scrambler ist ein fortschrittliches System zur Bestimmung des Bereichs sicherer Sprache. [&hellip;]<\/p>\n","protected":false},"author":1,"featured_media":0,"parent":0,"menu_order":0,"comment_status":"closed","ping_status":"closed","template":"nest-izdelki","meta":{"_eb_attr":"","_uag_custom_page_level_css":"","footnotes":""},"class_list":["post-3253","page","type-page","status-publish","hentry"],"yoast_head":"<!-- This site is optimized with the Yoast SEO plugin v23.4 - https:\/\/yoast.com\/wordpress\/plugins\/seo\/ -->\n<title>Systeme zur Bestimmung des sicheren Sprechbereichs - Nest Systems<\/title>\n<meta name=\"robots\" content=\"index, follow, max-snippet:-1, max-image-preview:large, max-video-preview:-1\" \/>\n<link rel=\"canonical\" href=\"https:\/\/www.nest-systems.com\/de\/systeme-zur-bestimmung-des-sicheren-sprechbereichs\/\" \/>\n<meta property=\"og:locale\" content=\"de_DE\" \/>\n<meta property=\"og:type\" content=\"article\" \/>\n<meta property=\"og:title\" content=\"Systeme zur Bestimmung des sicheren Sprechbereichs - Nest Systems\" \/>\n<meta property=\"og:description\" content=\"Systeme zur Bestimmung des sicheren Sprechbereichs ACOUSTIC SCRAMBLER Acoustic Scrambler ist ein fortschrittliches System zur Bestimmung des Bereichs sicherer Sprache. [&hellip;]\" \/>\n<meta property=\"og:url\" content=\"https:\/\/www.nest-systems.com\/de\/systeme-zur-bestimmung-des-sicheren-sprechbereichs\/\" \/>\n<meta property=\"og:site_name\" content=\"Nest Systems\" \/>\n<meta property=\"article:modified_time\" content=\"2022-09-01T08:08:30+00:00\" \/>\n<meta property=\"og:image\" content=\"https:\/\/www.nest-systems.com\/wp-content\/uploads\/2022\/08\/acoustic_scrambler.webp\" \/>\n<meta name=\"twitter:card\" content=\"summary_large_image\" \/>\n<meta name=\"twitter:label1\" content=\"Gesch\u00e4tzte Lesezeit\" \/>\n\t<meta name=\"twitter:data1\" content=\"2\u00a0Minuten\" \/>\n<script type=\"application\/ld+json\" class=\"yoast-schema-graph\">{\"@context\":\"https:\/\/schema.org\",\"@graph\":[{\"@type\":\"WebPage\",\"@id\":\"https:\/\/www.nest-systems.com\/de\/systeme-zur-bestimmung-des-sicheren-sprechbereichs\/\",\"url\":\"https:\/\/www.nest-systems.com\/de\/systeme-zur-bestimmung-des-sicheren-sprechbereichs\/\",\"name\":\"Systeme zur Bestimmung des sicheren Sprechbereichs - Nest Systems\",\"isPartOf\":{\"@id\":\"https:\/\/www.nest-systems.com\/en\/#website\"},\"primaryImageOfPage\":{\"@id\":\"https:\/\/www.nest-systems.com\/de\/systeme-zur-bestimmung-des-sicheren-sprechbereichs\/#primaryimage\"},\"image\":{\"@id\":\"https:\/\/www.nest-systems.com\/de\/systeme-zur-bestimmung-des-sicheren-sprechbereichs\/#primaryimage\"},\"thumbnailUrl\":\"https:\/\/www.nest-systems.com\/wp-content\/uploads\/2022\/08\/acoustic_scrambler.webp\",\"datePublished\":\"2022-07-28T13:25:12+00:00\",\"dateModified\":\"2022-09-01T08:08:30+00:00\",\"breadcrumb\":{\"@id\":\"https:\/\/www.nest-systems.com\/de\/systeme-zur-bestimmung-des-sicheren-sprechbereichs\/#breadcrumb\"},\"inLanguage\":\"de\",\"potentialAction\":[{\"@type\":\"ReadAction\",\"target\":[\"https:\/\/www.nest-systems.com\/de\/systeme-zur-bestimmung-des-sicheren-sprechbereichs\/\"]}]},{\"@type\":\"ImageObject\",\"inLanguage\":\"de\",\"@id\":\"https:\/\/www.nest-systems.com\/de\/systeme-zur-bestimmung-des-sicheren-sprechbereichs\/#primaryimage\",\"url\":\"https:\/\/www.nest-systems.com\/wp-content\/uploads\/2022\/08\/acoustic_scrambler.webp\",\"contentUrl\":\"https:\/\/www.nest-systems.com\/wp-content\/uploads\/2022\/08\/acoustic_scrambler.webp\"},{\"@type\":\"BreadcrumbList\",\"@id\":\"https:\/\/www.nest-systems.com\/de\/systeme-zur-bestimmung-des-sicheren-sprechbereichs\/#breadcrumb\",\"itemListElement\":[{\"@type\":\"ListItem\",\"position\":1,\"name\":\"Home\",\"item\":\"https:\/\/www.nest-systems.com\/de\/\"},{\"@type\":\"ListItem\",\"position\":2,\"name\":\"Systeme zur Bestimmung des sicheren Sprechbereichs\"}]},{\"@type\":\"WebSite\",\"@id\":\"https:\/\/www.nest-systems.com\/en\/#website\",\"url\":\"https:\/\/www.nest-systems.com\/en\/\",\"name\":\"Nest Systems\",\"description\":\"\",\"publisher\":{\"@id\":\"https:\/\/www.nest-systems.com\/en\/#organization\"},\"potentialAction\":[{\"@type\":\"SearchAction\",\"target\":{\"@type\":\"EntryPoint\",\"urlTemplate\":\"https:\/\/www.nest-systems.com\/en\/?s={search_term_string}\"},\"query-input\":{\"@type\":\"PropertyValueSpecification\",\"valueRequired\":true,\"valueName\":\"search_term_string\"}}],\"inLanguage\":\"de\"},{\"@type\":\"Organization\",\"@id\":\"https:\/\/www.nest-systems.com\/en\/#organization\",\"name\":\"Nest Systems\",\"url\":\"https:\/\/www.nest-systems.com\/en\/\",\"logo\":{\"@type\":\"ImageObject\",\"inLanguage\":\"de\",\"@id\":\"https:\/\/www.nest-systems.com\/en\/#\/schema\/logo\/image\/\",\"url\":\"https:\/\/www.nest-systems.com\/wp-content\/uploads\/2022\/08\/Asset-1-3-1.png\",\"contentUrl\":\"https:\/\/www.nest-systems.com\/wp-content\/uploads\/2022\/08\/Asset-1-3-1.png\",\"width\":500,\"height\":152,\"caption\":\"Nest Systems\"},\"image\":{\"@id\":\"https:\/\/www.nest-systems.com\/en\/#\/schema\/logo\/image\/\"},\"sameAs\":[\"https:\/\/www.linkedin.com\/company\/nest-systems\/\"]}]}<\/script>\n<!-- \/ Yoast SEO plugin. -->","yoast_head_json":{"title":"Systeme zur Bestimmung des sicheren Sprechbereichs - Nest Systems","robots":{"index":"index","follow":"follow","max-snippet":"max-snippet:-1","max-image-preview":"max-image-preview:large","max-video-preview":"max-video-preview:-1"},"canonical":"https:\/\/www.nest-systems.com\/de\/systeme-zur-bestimmung-des-sicheren-sprechbereichs\/","og_locale":"de_DE","og_type":"article","og_title":"Systeme zur Bestimmung des sicheren Sprechbereichs - Nest Systems","og_description":"Systeme zur Bestimmung des sicheren Sprechbereichs ACOUSTIC SCRAMBLER Acoustic Scrambler ist ein fortschrittliches System zur Bestimmung des Bereichs sicherer Sprache. [&hellip;]","og_url":"https:\/\/www.nest-systems.com\/de\/systeme-zur-bestimmung-des-sicheren-sprechbereichs\/","og_site_name":"Nest Systems","article_modified_time":"2022-09-01T08:08:30+00:00","og_image":[{"url":"https:\/\/www.nest-systems.com\/wp-content\/uploads\/2022\/08\/acoustic_scrambler.webp"}],"twitter_card":"summary_large_image","twitter_misc":{"Gesch\u00e4tzte Lesezeit":"2\u00a0Minuten"},"schema":{"@context":"https:\/\/schema.org","@graph":[{"@type":"WebPage","@id":"https:\/\/www.nest-systems.com\/de\/systeme-zur-bestimmung-des-sicheren-sprechbereichs\/","url":"https:\/\/www.nest-systems.com\/de\/systeme-zur-bestimmung-des-sicheren-sprechbereichs\/","name":"Systeme zur Bestimmung des sicheren Sprechbereichs - Nest Systems","isPartOf":{"@id":"https:\/\/www.nest-systems.com\/en\/#website"},"primaryImageOfPage":{"@id":"https:\/\/www.nest-systems.com\/de\/systeme-zur-bestimmung-des-sicheren-sprechbereichs\/#primaryimage"},"image":{"@id":"https:\/\/www.nest-systems.com\/de\/systeme-zur-bestimmung-des-sicheren-sprechbereichs\/#primaryimage"},"thumbnailUrl":"https:\/\/www.nest-systems.com\/wp-content\/uploads\/2022\/08\/acoustic_scrambler.webp","datePublished":"2022-07-28T13:25:12+00:00","dateModified":"2022-09-01T08:08:30+00:00","breadcrumb":{"@id":"https:\/\/www.nest-systems.com\/de\/systeme-zur-bestimmung-des-sicheren-sprechbereichs\/#breadcrumb"},"inLanguage":"de","potentialAction":[{"@type":"ReadAction","target":["https:\/\/www.nest-systems.com\/de\/systeme-zur-bestimmung-des-sicheren-sprechbereichs\/"]}]},{"@type":"ImageObject","inLanguage":"de","@id":"https:\/\/www.nest-systems.com\/de\/systeme-zur-bestimmung-des-sicheren-sprechbereichs\/#primaryimage","url":"https:\/\/www.nest-systems.com\/wp-content\/uploads\/2022\/08\/acoustic_scrambler.webp","contentUrl":"https:\/\/www.nest-systems.com\/wp-content\/uploads\/2022\/08\/acoustic_scrambler.webp"},{"@type":"BreadcrumbList","@id":"https:\/\/www.nest-systems.com\/de\/systeme-zur-bestimmung-des-sicheren-sprechbereichs\/#breadcrumb","itemListElement":[{"@type":"ListItem","position":1,"name":"Home","item":"https:\/\/www.nest-systems.com\/de\/"},{"@type":"ListItem","position":2,"name":"Systeme zur Bestimmung des sicheren Sprechbereichs"}]},{"@type":"WebSite","@id":"https:\/\/www.nest-systems.com\/en\/#website","url":"https:\/\/www.nest-systems.com\/en\/","name":"Nest Systems","description":"","publisher":{"@id":"https:\/\/www.nest-systems.com\/en\/#organization"},"potentialAction":[{"@type":"SearchAction","target":{"@type":"EntryPoint","urlTemplate":"https:\/\/www.nest-systems.com\/en\/?s={search_term_string}"},"query-input":{"@type":"PropertyValueSpecification","valueRequired":true,"valueName":"search_term_string"}}],"inLanguage":"de"},{"@type":"Organization","@id":"https:\/\/www.nest-systems.com\/en\/#organization","name":"Nest Systems","url":"https:\/\/www.nest-systems.com\/en\/","logo":{"@type":"ImageObject","inLanguage":"de","@id":"https:\/\/www.nest-systems.com\/en\/#\/schema\/logo\/image\/","url":"https:\/\/www.nest-systems.com\/wp-content\/uploads\/2022\/08\/Asset-1-3-1.png","contentUrl":"https:\/\/www.nest-systems.com\/wp-content\/uploads\/2022\/08\/Asset-1-3-1.png","width":500,"height":152,"caption":"Nest Systems"},"image":{"@id":"https:\/\/www.nest-systems.com\/en\/#\/schema\/logo\/image\/"},"sameAs":["https:\/\/www.linkedin.com\/company\/nest-systems\/"]}]}},"uagb_featured_image_src":{"full":false,"thumbnail":false,"medium":false,"medium_large":false,"large":false,"1536x1536":false,"2048x2048":false},"uagb_author_info":{"display_name":"W3bStudio","author_link":"https:\/\/www.nest-systems.com\/de\/author\/w3bstudio\/"},"uagb_comment_info":0,"uagb_excerpt":"Systeme zur Bestimmung des sicheren Sprechbereichs ACOUSTIC SCRAMBLER Acoustic Scrambler ist ein fortschrittliches System zur Bestimmung des Bereichs sicherer Sprache. [&hellip;]","_links":{"self":[{"href":"https:\/\/www.nest-systems.com\/de\/wp-json\/wp\/v2\/pages\/3253"}],"collection":[{"href":"https:\/\/www.nest-systems.com\/de\/wp-json\/wp\/v2\/pages"}],"about":[{"href":"https:\/\/www.nest-systems.com\/de\/wp-json\/wp\/v2\/types\/page"}],"author":[{"embeddable":true,"href":"https:\/\/www.nest-systems.com\/de\/wp-json\/wp\/v2\/users\/1"}],"replies":[{"embeddable":true,"href":"https:\/\/www.nest-systems.com\/de\/wp-json\/wp\/v2\/comments?post=3253"}],"version-history":[{"count":7,"href":"https:\/\/www.nest-systems.com\/de\/wp-json\/wp\/v2\/pages\/3253\/revisions"}],"predecessor-version":[{"id":3699,"href":"https:\/\/www.nest-systems.com\/de\/wp-json\/wp\/v2\/pages\/3253\/revisions\/3699"}],"wp:attachment":[{"href":"https:\/\/www.nest-systems.com\/de\/wp-json\/wp\/v2\/media?parent=3253"}],"curies":[{"name":"wp","href":"https:\/\/api.w.org\/{rel}","templated":true}]}}