{"id":3317,"date":"2022-07-13T13:13:17","date_gmt":"2022-07-13T13:13:17","guid":{"rendered":"https:\/\/www.nest-systems.com\/forschung-und-entwicklung\/"},"modified":"2022-09-07T08:35:39","modified_gmt":"2022-09-07T08:35:39","slug":"forschung-und-entwicklung","status":"publish","type":"page","link":"https:\/\/www.nest-systems.com\/de\/forschung-und-entwicklung\/","title":{"rendered":"Forschung und Entwicklung"},"content":{"rendered":"\n<div class=\"wp-block-cover alignfull is-light banner-subpage\" style=\"min-height:250px;aspect-ratio:unset;\"><span aria-hidden=\"true\" class=\"wp-block-cover__background has-background-dim-0 has-background-dim\"><\/span><img loading=\"lazy\" decoding=\"async\" width=\"2560\" height=\"313\" class=\"wp-block-cover__image-background wp-image-3133\" alt=\"\" src=\"https:\/\/www.nest-systems.com\/wp-content\/uploads\/2022\/08\/banner1-5-scaled.webp\" data-object-fit=\"cover\" srcset=\"https:\/\/www.nest-systems.com\/wp-content\/uploads\/2022\/08\/banner1-5-scaled.webp 2560w, https:\/\/www.nest-systems.com\/wp-content\/uploads\/2022\/08\/banner1-5-500x61.webp 500w, https:\/\/www.nest-systems.com\/wp-content\/uploads\/2022\/08\/banner1-5-1024x125.webp 1024w, https:\/\/www.nest-systems.com\/wp-content\/uploads\/2022\/08\/banner1-5-768x94.webp 768w, https:\/\/www.nest-systems.com\/wp-content\/uploads\/2022\/08\/banner1-5-1536x188.webp 1536w, https:\/\/www.nest-systems.com\/wp-content\/uploads\/2022\/08\/banner1-5-2048x250.webp 2048w\" sizes=\"(max-width: 2560px) 100vw, 2560px\" \/><div class=\"wp-block-cover__inner-container is-layout-flow wp-block-cover-is-layout-flow\">\n<div class=\"wp-block-group container is-layout-flow wp-container-core-group-is-layout-1 wp-block-group-is-layout-flow\" style=\"border-style:none;border-width:0px;padding-top:0px;padding-right:0px;padding-bottom:0px;padding-left:0px\">\n<div class=\"wp-block-columns is-layout-flex wp-container-core-columns-is-layout-1 wp-block-columns-is-layout-flex\" style=\"padding-top:0px;padding-right:0px;padding-bottom:0px;padding-left:0px\">\n<div class=\"wp-block-column is-layout-flow wp-block-column-is-layout-flow\" style=\"padding-top:0px;padding-right:0px;padding-bottom:0px;padding-left:0px\"><h1 style=\"text-transform:uppercase;\" class=\"has-text-align-left is-style-default wp-block-post-title has-text-color has-primary-color\">Forschung und Entwicklung<\/h1><\/div>\n<\/div>\n<\/div>\n<\/div><\/div>\n\n<div class=\"wp-block-group is-layout-constrained wp-container-core-group-is-layout-4 wp-block-group-is-layout-constrained\">\n<div class=\"wp-block-group is-layout-flow wp-block-group-is-layout-flow\">\n<div class=\"wp-block-columns is-layout-flex wp-container-core-columns-is-layout-2 wp-block-columns-is-layout-flex\">\n<div class=\"wp-block-column is-layout-flow wp-block-column-is-layout-flow\" style=\"padding-top:20px;padding-right:20px;padding-bottom:20px;padding-left:20px\">\n<p style=\"font-style:normal;font-weight:600\"><strong>Die Forschungs- und Entwicklungst\u00e4tigkeit ist das Leitprinzip unseres Unternehmens. Wir widmen uns der Entwicklung spezialisierter technologischer Produkte, die das Ergebnis unseres eigenen Wissens und unserer langj\u00e4hrigen Erfahrung sind und optimierte und kundenspezifische L\u00f6sungen bieten.<\/strong><\/p>\n\n\n\n<p>Die st\u00e4ndige Aktualisierung des Wissens und der Einsatz neuester Technologien erm\u00f6glichen uns eine umfassende professionelle Behandlung des Problems des Kunden.<\/p>\n\n\n\n<div class=\"wp-block-group is-layout-flow wp-block-group-is-layout-flow\">\n<p>Ein ganzheitlicher Ansatz und das \u201eOut-of-the-box\u201c-Denken sind die entscheidenden Vorteile unseres Gesch\u00e4ftsmodells, die dem Unternehmen technische \u00dcberlegenheit und h\u00f6here Wertsch\u00f6pfung verleihen. Das Gesch\u00e4ftsmodell erm\u00f6glicht es uns, spezialisierte Produkte zu erforschen, zu entwickeln, zu evaluieren und herzustellen, die auf jeden Kunden zugeschnitten sind.<\/p>\n\n\n\n<p>Im Bereich Entwicklung arbeitet ein multidisziplin\u00e4res Team aus internen und externen Experten aus den Bereichen Akustik, Programmierung, Elektrotechnik, Marketing, Signalverarbeitung, integrierter Systeme, Maschinenbau, Mathematik und Statistik. Die Entwicklung erfolgt in enger Zusammenarbeit mit dem Kunden und unter Ber\u00fccksichtigung seiner Bed\u00fcrfnisse und W\u00fcnsche.<\/p>\n\n\n\n<p>Angesichts der Pandemie, die auch viele neue technologische Herausforderungen mit sich brachte, wurde die Bedeutung der eigenen Entwicklung zum Ausdruck gebracht. Da wir uns bei Nest Systems dar\u00fcber bewusst sind, dass unsere eigene Entwicklung entscheidend f\u00fcr die Existenz von Technologieunternehmen und die Anhebung der Technologie auf ein h\u00f6heres Niveau ist, investieren wir einen gro\u00dfen Teil unserer Ertr\u00e4ge in Forschung und Entwicklung.<\/p>\n\n\n\n<p>Unsere Entwicklungsstrategie und unser Projektansatz erm\u00f6glichen uns eine schnellere Problembew\u00e4ltigung in allen Phasen des Entwicklungslebenszyklus \u2013 von der Konzeption bis zur endg\u00fcltigen L\u00f6sung, was dem Unternehmen einen Wettbewerbsvorteil verschafft.<\/p>\n<\/div>\n<\/div>\n\n\n\n<div class=\"wp-block-column is-layout-flow wp-block-column-is-layout-flow\" style=\"padding-top:20px;padding-right:40px;padding-bottom:40px;padding-left:40px\">\n<figure class=\"wp-block-image size-large\"><img loading=\"lazy\" decoding=\"async\" width=\"1024\" height=\"589\" src=\"https:\/\/www.nest-systems.com\/wp-content\/uploads\/2022\/08\/IMG_20201005_171135-1024x589.jpg\" alt=\"\" class=\"wp-image-1497\" srcset=\"https:\/\/www.nest-systems.com\/wp-content\/uploads\/2022\/08\/IMG_20201005_171135-1024x589.jpg 1024w, https:\/\/www.nest-systems.com\/wp-content\/uploads\/2022\/08\/IMG_20201005_171135-300x173.jpg 300w, https:\/\/www.nest-systems.com\/wp-content\/uploads\/2022\/08\/IMG_20201005_171135-768x442.jpg 768w, https:\/\/www.nest-systems.com\/wp-content\/uploads\/2022\/08\/IMG_20201005_171135.jpg 1126w\" sizes=\"(max-width: 1024px) 100vw, 1024px\" \/><\/figure>\n\n\n\n<div style=\"height:30px\" aria-hidden=\"true\" class=\"wp-block-spacer\"><\/div>\n<\/div>\n<\/div>\n<\/div>\n<\/div>\n\n<div style=\"height:100px\" aria-hidden=\"true\" class=\"wp-block-spacer\"><\/div>\n","protected":false},"excerpt":{"rendered":"<p>Die Forschungs- und Entwicklungst\u00e4tigkeit ist das Leitprinzip unseres Unternehmens. Wir widmen uns der Entwicklung spezialisierter technologischer Produkte, die das Ergebnis [&hellip;]<\/p>\n","protected":false},"author":1,"featured_media":0,"parent":0,"menu_order":0,"comment_status":"closed","ping_status":"closed","template":"","meta":{"_eb_attr":"","_uag_custom_page_level_css":"","footnotes":""},"class_list":["post-3317","page","type-page","status-publish","hentry"],"yoast_head":"<!-- This site is optimized with the Yoast SEO plugin v23.4 - https:\/\/yoast.com\/wordpress\/plugins\/seo\/ -->\n<title>Forschung und Entwicklung - Nest Systems<\/title>\n<meta name=\"robots\" content=\"index, follow, max-snippet:-1, max-image-preview:large, max-video-preview:-1\" \/>\n<link rel=\"canonical\" href=\"https:\/\/www.nest-systems.com\/de\/forschung-und-entwicklung\/\" \/>\n<meta property=\"og:locale\" content=\"de_DE\" \/>\n<meta property=\"og:type\" content=\"article\" \/>\n<meta property=\"og:title\" content=\"Forschung und Entwicklung - Nest Systems\" \/>\n<meta property=\"og:description\" content=\"Die Forschungs- und Entwicklungst\u00e4tigkeit ist das Leitprinzip unseres Unternehmens. Wir widmen uns der Entwicklung spezialisierter technologischer Produkte, die das Ergebnis [&hellip;]\" \/>\n<meta property=\"og:url\" content=\"https:\/\/www.nest-systems.com\/de\/forschung-und-entwicklung\/\" \/>\n<meta property=\"og:site_name\" content=\"Nest Systems\" \/>\n<meta property=\"article:modified_time\" content=\"2022-09-07T08:35:39+00:00\" \/>\n<meta property=\"og:image\" content=\"https:\/\/www.nest-systems.com\/wp-content\/uploads\/2022\/08\/IMG_20201005_171135-1024x589.jpg\" \/>\n<meta name=\"twitter:card\" content=\"summary_large_image\" \/>\n<meta name=\"twitter:label1\" content=\"Gesch\u00e4tzte Lesezeit\" \/>\n\t<meta name=\"twitter:data1\" content=\"1\u00a0Minute\" \/>\n<script type=\"application\/ld+json\" class=\"yoast-schema-graph\">{\"@context\":\"https:\/\/schema.org\",\"@graph\":[{\"@type\":\"WebPage\",\"@id\":\"https:\/\/www.nest-systems.com\/de\/forschung-und-entwicklung\/\",\"url\":\"https:\/\/www.nest-systems.com\/de\/forschung-und-entwicklung\/\",\"name\":\"Forschung und Entwicklung - Nest Systems\",\"isPartOf\":{\"@id\":\"https:\/\/www.nest-systems.com\/en\/#website\"},\"primaryImageOfPage\":{\"@id\":\"https:\/\/www.nest-systems.com\/de\/forschung-und-entwicklung\/#primaryimage\"},\"image\":{\"@id\":\"https:\/\/www.nest-systems.com\/de\/forschung-und-entwicklung\/#primaryimage\"},\"thumbnailUrl\":\"https:\/\/www.nest-systems.com\/wp-content\/uploads\/2022\/08\/IMG_20201005_171135-1024x589.jpg\",\"datePublished\":\"2022-07-13T13:13:17+00:00\",\"dateModified\":\"2022-09-07T08:35:39+00:00\",\"breadcrumb\":{\"@id\":\"https:\/\/www.nest-systems.com\/de\/forschung-und-entwicklung\/#breadcrumb\"},\"inLanguage\":\"de\",\"potentialAction\":[{\"@type\":\"ReadAction\",\"target\":[\"https:\/\/www.nest-systems.com\/de\/forschung-und-entwicklung\/\"]}]},{\"@type\":\"ImageObject\",\"inLanguage\":\"de\",\"@id\":\"https:\/\/www.nest-systems.com\/de\/forschung-und-entwicklung\/#primaryimage\",\"url\":\"https:\/\/www.nest-systems.com\/wp-content\/uploads\/2022\/08\/IMG_20201005_171135-1024x589.jpg\",\"contentUrl\":\"https:\/\/www.nest-systems.com\/wp-content\/uploads\/2022\/08\/IMG_20201005_171135-1024x589.jpg\"},{\"@type\":\"BreadcrumbList\",\"@id\":\"https:\/\/www.nest-systems.com\/de\/forschung-und-entwicklung\/#breadcrumb\",\"itemListElement\":[{\"@type\":\"ListItem\",\"position\":1,\"name\":\"Home\",\"item\":\"https:\/\/www.nest-systems.com\/de\/\"},{\"@type\":\"ListItem\",\"position\":2,\"name\":\"Forschung und Entwicklung\"}]},{\"@type\":\"WebSite\",\"@id\":\"https:\/\/www.nest-systems.com\/en\/#website\",\"url\":\"https:\/\/www.nest-systems.com\/en\/\",\"name\":\"Nest Systems\",\"description\":\"\",\"publisher\":{\"@id\":\"https:\/\/www.nest-systems.com\/en\/#organization\"},\"potentialAction\":[{\"@type\":\"SearchAction\",\"target\":{\"@type\":\"EntryPoint\",\"urlTemplate\":\"https:\/\/www.nest-systems.com\/en\/?s={search_term_string}\"},\"query-input\":{\"@type\":\"PropertyValueSpecification\",\"valueRequired\":true,\"valueName\":\"search_term_string\"}}],\"inLanguage\":\"de\"},{\"@type\":\"Organization\",\"@id\":\"https:\/\/www.nest-systems.com\/en\/#organization\",\"name\":\"Nest Systems\",\"url\":\"https:\/\/www.nest-systems.com\/en\/\",\"logo\":{\"@type\":\"ImageObject\",\"inLanguage\":\"de\",\"@id\":\"https:\/\/www.nest-systems.com\/en\/#\/schema\/logo\/image\/\",\"url\":\"https:\/\/www.nest-systems.com\/wp-content\/uploads\/2022\/08\/Asset-1-3-1.png\",\"contentUrl\":\"https:\/\/www.nest-systems.com\/wp-content\/uploads\/2022\/08\/Asset-1-3-1.png\",\"width\":500,\"height\":152,\"caption\":\"Nest Systems\"},\"image\":{\"@id\":\"https:\/\/www.nest-systems.com\/en\/#\/schema\/logo\/image\/\"},\"sameAs\":[\"https:\/\/www.linkedin.com\/company\/nest-systems\/\"]}]}<\/script>\n<!-- \/ Yoast SEO plugin. -->","yoast_head_json":{"title":"Forschung und Entwicklung - Nest Systems","robots":{"index":"index","follow":"follow","max-snippet":"max-snippet:-1","max-image-preview":"max-image-preview:large","max-video-preview":"max-video-preview:-1"},"canonical":"https:\/\/www.nest-systems.com\/de\/forschung-und-entwicklung\/","og_locale":"de_DE","og_type":"article","og_title":"Forschung und Entwicklung - Nest Systems","og_description":"Die Forschungs- und Entwicklungst\u00e4tigkeit ist das Leitprinzip unseres Unternehmens. Wir widmen uns der Entwicklung spezialisierter technologischer Produkte, die das Ergebnis [&hellip;]","og_url":"https:\/\/www.nest-systems.com\/de\/forschung-und-entwicklung\/","og_site_name":"Nest Systems","article_modified_time":"2022-09-07T08:35:39+00:00","og_image":[{"url":"https:\/\/www.nest-systems.com\/wp-content\/uploads\/2022\/08\/IMG_20201005_171135-1024x589.jpg"}],"twitter_card":"summary_large_image","twitter_misc":{"Gesch\u00e4tzte Lesezeit":"1\u00a0Minute"},"schema":{"@context":"https:\/\/schema.org","@graph":[{"@type":"WebPage","@id":"https:\/\/www.nest-systems.com\/de\/forschung-und-entwicklung\/","url":"https:\/\/www.nest-systems.com\/de\/forschung-und-entwicklung\/","name":"Forschung und Entwicklung - Nest Systems","isPartOf":{"@id":"https:\/\/www.nest-systems.com\/en\/#website"},"primaryImageOfPage":{"@id":"https:\/\/www.nest-systems.com\/de\/forschung-und-entwicklung\/#primaryimage"},"image":{"@id":"https:\/\/www.nest-systems.com\/de\/forschung-und-entwicklung\/#primaryimage"},"thumbnailUrl":"https:\/\/www.nest-systems.com\/wp-content\/uploads\/2022\/08\/IMG_20201005_171135-1024x589.jpg","datePublished":"2022-07-13T13:13:17+00:00","dateModified":"2022-09-07T08:35:39+00:00","breadcrumb":{"@id":"https:\/\/www.nest-systems.com\/de\/forschung-und-entwicklung\/#breadcrumb"},"inLanguage":"de","potentialAction":[{"@type":"ReadAction","target":["https:\/\/www.nest-systems.com\/de\/forschung-und-entwicklung\/"]}]},{"@type":"ImageObject","inLanguage":"de","@id":"https:\/\/www.nest-systems.com\/de\/forschung-und-entwicklung\/#primaryimage","url":"https:\/\/www.nest-systems.com\/wp-content\/uploads\/2022\/08\/IMG_20201005_171135-1024x589.jpg","contentUrl":"https:\/\/www.nest-systems.com\/wp-content\/uploads\/2022\/08\/IMG_20201005_171135-1024x589.jpg"},{"@type":"BreadcrumbList","@id":"https:\/\/www.nest-systems.com\/de\/forschung-und-entwicklung\/#breadcrumb","itemListElement":[{"@type":"ListItem","position":1,"name":"Home","item":"https:\/\/www.nest-systems.com\/de\/"},{"@type":"ListItem","position":2,"name":"Forschung und Entwicklung"}]},{"@type":"WebSite","@id":"https:\/\/www.nest-systems.com\/en\/#website","url":"https:\/\/www.nest-systems.com\/en\/","name":"Nest Systems","description":"","publisher":{"@id":"https:\/\/www.nest-systems.com\/en\/#organization"},"potentialAction":[{"@type":"SearchAction","target":{"@type":"EntryPoint","urlTemplate":"https:\/\/www.nest-systems.com\/en\/?s={search_term_string}"},"query-input":{"@type":"PropertyValueSpecification","valueRequired":true,"valueName":"search_term_string"}}],"inLanguage":"de"},{"@type":"Organization","@id":"https:\/\/www.nest-systems.com\/en\/#organization","name":"Nest Systems","url":"https:\/\/www.nest-systems.com\/en\/","logo":{"@type":"ImageObject","inLanguage":"de","@id":"https:\/\/www.nest-systems.com\/en\/#\/schema\/logo\/image\/","url":"https:\/\/www.nest-systems.com\/wp-content\/uploads\/2022\/08\/Asset-1-3-1.png","contentUrl":"https:\/\/www.nest-systems.com\/wp-content\/uploads\/2022\/08\/Asset-1-3-1.png","width":500,"height":152,"caption":"Nest Systems"},"image":{"@id":"https:\/\/www.nest-systems.com\/en\/#\/schema\/logo\/image\/"},"sameAs":["https:\/\/www.linkedin.com\/company\/nest-systems\/"]}]}},"uagb_featured_image_src":{"full":false,"thumbnail":false,"medium":false,"medium_large":false,"large":false,"1536x1536":false,"2048x2048":false},"uagb_author_info":{"display_name":"W3bStudio","author_link":"https:\/\/www.nest-systems.com\/de\/author\/w3bstudio\/"},"uagb_comment_info":0,"uagb_excerpt":"Die Forschungs- und Entwicklungst\u00e4tigkeit ist das Leitprinzip unseres Unternehmens. Wir widmen uns der Entwicklung spezialisierter technologischer Produkte, die das Ergebnis [&hellip;]","_links":{"self":[{"href":"https:\/\/www.nest-systems.com\/de\/wp-json\/wp\/v2\/pages\/3317"}],"collection":[{"href":"https:\/\/www.nest-systems.com\/de\/wp-json\/wp\/v2\/pages"}],"about":[{"href":"https:\/\/www.nest-systems.com\/de\/wp-json\/wp\/v2\/types\/page"}],"author":[{"embeddable":true,"href":"https:\/\/www.nest-systems.com\/de\/wp-json\/wp\/v2\/users\/1"}],"replies":[{"embeddable":true,"href":"https:\/\/www.nest-systems.com\/de\/wp-json\/wp\/v2\/comments?post=3317"}],"version-history":[{"count":4,"href":"https:\/\/www.nest-systems.com\/de\/wp-json\/wp\/v2\/pages\/3317\/revisions"}],"predecessor-version":[{"id":4233,"href":"https:\/\/www.nest-systems.com\/de\/wp-json\/wp\/v2\/pages\/3317\/revisions\/4233"}],"wp:attachment":[{"href":"https:\/\/www.nest-systems.com\/de\/wp-json\/wp\/v2\/media?parent=3317"}],"curies":[{"name":"wp","href":"https:\/\/api.w.org\/{rel}","templated":true}]}}