{"id":3319,"date":"2022-08-30T12:01:05","date_gmt":"2022-08-30T12:01:05","guid":{"rendered":"https:\/\/www.nest-systems.com\/digital-presentation-of-nest\/"},"modified":"2022-10-26T12:52:32","modified_gmt":"2022-10-26T12:52:32","slug":"digital-presentation-of-nest","status":"publish","type":"page","link":"https:\/\/www.nest-systems.com\/en\/digital-presentation-of-nest\/","title":{"rendered":"Digital presentation of Nest"},"content":{"rendered":"\n<div class=\"wp-block-cover alignfull is-light banner-subpage\" style=\"min-height:250px;aspect-ratio:unset;\"><span aria-hidden=\"true\" class=\"wp-block-cover__background has-background-dim-0 has-background-dim\"><\/span><img loading=\"lazy\" decoding=\"async\" width=\"2560\" height=\"313\" class=\"wp-block-cover__image-background wp-image-3133\" alt=\"\" src=\"https:\/\/www.nest-systems.com\/wp-content\/uploads\/2022\/08\/banner1-5-scaled.webp\" data-object-fit=\"cover\" srcset=\"https:\/\/www.nest-systems.com\/wp-content\/uploads\/2022\/08\/banner1-5-scaled.webp 2560w, https:\/\/www.nest-systems.com\/wp-content\/uploads\/2022\/08\/banner1-5-500x61.webp 500w, https:\/\/www.nest-systems.com\/wp-content\/uploads\/2022\/08\/banner1-5-1024x125.webp 1024w, https:\/\/www.nest-systems.com\/wp-content\/uploads\/2022\/08\/banner1-5-768x94.webp 768w, https:\/\/www.nest-systems.com\/wp-content\/uploads\/2022\/08\/banner1-5-1536x188.webp 1536w, https:\/\/www.nest-systems.com\/wp-content\/uploads\/2022\/08\/banner1-5-2048x250.webp 2048w\" sizes=\"(max-width: 2560px) 100vw, 2560px\" \/><div class=\"wp-block-cover__inner-container is-layout-flow wp-block-cover-is-layout-flow\">\n<div class=\"wp-block-group container is-layout-flow wp-container-core-group-is-layout-1 wp-block-group-is-layout-flow\" style=\"border-style:none;border-width:0px;padding-top:0px;padding-right:0px;padding-bottom:0px;padding-left:0px\">\n<div class=\"wp-block-columns is-layout-flex wp-container-core-columns-is-layout-1 wp-block-columns-is-layout-flex\" style=\"padding-top:0px;padding-right:0px;padding-bottom:0px;padding-left:0px\">\n<div class=\"wp-block-column is-layout-flow wp-block-column-is-layout-flow\" style=\"padding-top:0px;padding-right:0px;padding-bottom:0px;padding-left:0px\"><h1 style=\"text-transform:uppercase;\" class=\"has-text-align-left is-style-default wp-block-post-title has-text-color has-primary-color\">Digital presentation of Nest<\/h1><\/div>\n<\/div>\n<\/div>\n<\/div><\/div>\n\n\n\n<div class=\"wp-block-group container is-layout-flow wp-block-group-is-layout-flow\">\n<p>As part of the operation &#8220;E-business Nest Systems d. o. o. &#8220;, we conducted a workshop in the collaboration with the company Studio Mazzini d. o. o. Under the expert guidance of Dario Berginc, Ph.D., we prepared an integrated study of company&#8217;s digital presence on foreign markets, followed by the implementation of redesigning the website and a portal for the secure exchange of data in the manner of responsive design and multilingualism. We also produced a promotional video, edited materials for promotion at digital trade fairs and upgraded staff expertise in digital fields.<\/p>\n\n\n\n<p>In an interactive workshop with Mag. Matja\u017e Mazzini discussed the characteristics of social networks, the importance of a strategic approach in the planning of communication activities and the use of analytics and automated marketing systems in establishing an effective sales funnel. With his experience, he effectively and practically supplemented our knowledge and gave us guidelines for further improvements.<\/p>\n\n\n\n<p>The purpose of the public tender is to co-finance the eligible costs of establishing or upgrading the company\u2019s electronic operations. The investment is co-financed by the Republic of Slovenia and the European Union from the European Regional Development Fund in the amount of EUR 29,960. <\/p>\n\n\n\n<p>Operation was carried out from 17.2.2022 to 31.8.2022.<\/p>\n\n\n\n<p><\/p>\n<\/div>\n\n\n\n<div class=\"wp-block-uagb-buttons uagb-buttons__outer-wrap uagb-btn__default-btn uagb-btn-tablet__default-btn uagb-btn-mobile__default-btn uagb-block-7c8fa960\"><div class=\"uagb-buttons__wrap uagb-buttons-layout-wrap\">\n<div class=\"wp-block-uagb-buttons-child uagb-buttons__outer-wrap uagb-block-f6d6d8fd wp-block-button is-style-outline\"><div class=\"uagb-button__wrapper\"><a class=\"uagb-buttons-repeater wp-block-button__link has-background has-text-color\" href=\"https:\/\/www.eu-skladi.si\/\" rel=\"follow noopener\" target=\"_blank\"><div class=\"uagb-button__link\">www.eu-skladi.si<\/div><\/a><\/div><\/div>\n<\/div><\/div>\n\n\n\n<p><\/p>\n\n\n\n<p><\/p>\n\n\n\n<hr class=\"wp-block-separator has-text-color has-gray-color has-alpha-channel-opacity has-gray-background-color has-background is-style-wide, container is-style-wide\"\/>\n\n\n\n<div class=\"wp-block-group is-layout-flow wp-block-group-is-layout-flow\">\n<div class=\"wp-block-group container is-layout-flow wp-block-group-is-layout-flow\">\n<div class=\"wp-block-group is-content-justification-center is-layout-flex wp-container-core-group-is-layout-3 wp-block-group-is-layout-flex\">\n<figure class=\"wp-block-image size-full is-resized\"><a href=\"https:\/\/www.gov.si\/drzavni-organi\/ministrstva\/ministrstvo-za-gospodarski-razvoj-in-tehnologijo\/\" target=\"_blank\" rel=\"noreferrer noopener\"><img loading=\"lazy\" decoding=\"async\" src=\"https:\/\/www.nest-systems.com\/wp-content\/uploads\/2022\/08\/Group-292.png\" alt=\"\" class=\"wp-image-2131\" width=\"218\" height=\"44\" srcset=\"https:\/\/www.nest-systems.com\/wp-content\/uploads\/2022\/08\/Group-292.png 436w, https:\/\/www.nest-systems.com\/wp-content\/uploads\/2022\/08\/Group-292-300x60.png 300w\" sizes=\"(max-width: 218px) 100vw, 218px\" \/><\/a><\/figure>\n\n\n\n<figure class=\"wp-block-image size-full is-resized\"><a href=\"https:\/\/www.podjetniskisklad.si\/\" target=\"_blank\" rel=\"noreferrer noopener\"><img loading=\"lazy\" decoding=\"async\" src=\"https:\/\/www.nest-systems.com\/wp-content\/uploads\/2022\/08\/Group-289.png\" alt=\"\" class=\"wp-image-2135\" width=\"157\" height=\"78\" srcset=\"https:\/\/www.nest-systems.com\/wp-content\/uploads\/2022\/08\/Group-289.png 314w, https:\/\/www.nest-systems.com\/wp-content\/uploads\/2022\/08\/Group-289-300x148.png 300w\" sizes=\"(max-width: 157px) 100vw, 157px\" \/><\/a><\/figure>\n\n\n\n<figure class=\"wp-block-image size-full is-resized\"><a href=\"https:\/\/ec.europa.eu\/info\/funding-tenders\/find-funding\/eu-funding-programmes\/european-regional-development-fund-erdf_sl\" target=\"_blank\" rel=\"noreferrer noopener\"><img loading=\"lazy\" decoding=\"async\" src=\"https:\/\/www.nest-systems.com\/wp-content\/uploads\/2022\/08\/Group-286.png\" alt=\"\" class=\"wp-image-2139\" width=\"143\" height=\"61\"\/><\/a><\/figure>\n<\/div>\n<\/div>\n<\/div>\n\n\n\n<div style=\"height:50px\" aria-hidden=\"true\" class=\"wp-block-spacer spacer-lg-50\"><\/div>\n","protected":false},"excerpt":{"rendered":"<p>As part of the operation &#8220;E-business Nest Systems d. o. o. &#8220;, we conducted a workshop in the collaboration with [&hellip;]<\/p>\n","protected":false},"author":1,"featured_media":0,"parent":0,"menu_order":0,"comment_status":"closed","ping_status":"closed","template":"","meta":{"_eb_attr":"","_uag_custom_page_level_css":"","footnotes":""},"class_list":["post-3319","page","type-page","status-publish","hentry"],"yoast_head":"<!-- This site is optimized with the Yoast SEO plugin v23.4 - https:\/\/yoast.com\/wordpress\/plugins\/seo\/ -->\n<title>Digital presentation of Nest - Nest Systems<\/title>\n<meta name=\"description\" content=\"Z operacijo digitalnega poslovanja Nest Systems \u017eelimo izbolj\u0161ati konkuren\u010dnost podjetja in mo\u017enosti za \u0161iritev poslovanja na tujih trgih.\" \/>\n<meta name=\"robots\" content=\"index, follow, max-snippet:-1, max-image-preview:large, max-video-preview:-1\" \/>\n<link rel=\"canonical\" href=\"https:\/\/www.nest-systems.com\/en\/digital-presentation-of-nest\/\" \/>\n<meta property=\"og:locale\" content=\"en_US\" \/>\n<meta property=\"og:type\" content=\"article\" \/>\n<meta property=\"og:title\" content=\"Digital presentation of Nest - Nest Systems\" \/>\n<meta property=\"og:description\" content=\"Z operacijo digitalnega poslovanja Nest Systems \u017eelimo izbolj\u0161ati konkuren\u010dnost podjetja in mo\u017enosti za \u0161iritev poslovanja na tujih trgih.\" \/>\n<meta property=\"og:url\" content=\"https:\/\/www.nest-systems.com\/en\/digital-presentation-of-nest\/\" \/>\n<meta property=\"og:site_name\" content=\"Nest Systems\" \/>\n<meta property=\"article:modified_time\" content=\"2022-10-26T12:52:32+00:00\" \/>\n<meta property=\"og:image\" content=\"https:\/\/www.nest-systems.com\/wp-content\/uploads\/2022\/08\/Group-292.png\" \/>\n<meta name=\"twitter:card\" content=\"summary_large_image\" \/>\n<meta name=\"twitter:label1\" content=\"Est. reading time\" \/>\n\t<meta name=\"twitter:data1\" content=\"2 minutes\" \/>\n<script type=\"application\/ld+json\" class=\"yoast-schema-graph\">{\"@context\":\"https:\/\/schema.org\",\"@graph\":[{\"@type\":\"WebPage\",\"@id\":\"https:\/\/www.nest-systems.com\/en\/digital-presentation-of-nest\/\",\"url\":\"https:\/\/www.nest-systems.com\/en\/digital-presentation-of-nest\/\",\"name\":\"Digital presentation of Nest - Nest Systems\",\"isPartOf\":{\"@id\":\"https:\/\/www.nest-systems.com\/en\/#website\"},\"primaryImageOfPage\":{\"@id\":\"https:\/\/www.nest-systems.com\/en\/digital-presentation-of-nest\/#primaryimage\"},\"image\":{\"@id\":\"https:\/\/www.nest-systems.com\/en\/digital-presentation-of-nest\/#primaryimage\"},\"thumbnailUrl\":\"https:\/\/www.nest-systems.com\/wp-content\/uploads\/2022\/08\/Group-292.png\",\"datePublished\":\"2022-08-30T12:01:05+00:00\",\"dateModified\":\"2022-10-26T12:52:32+00:00\",\"description\":\"Z operacijo digitalnega poslovanja Nest Systems \u017eelimo izbolj\u0161ati konkuren\u010dnost podjetja in mo\u017enosti za \u0161iritev poslovanja na tujih trgih.\",\"breadcrumb\":{\"@id\":\"https:\/\/www.nest-systems.com\/en\/digital-presentation-of-nest\/#breadcrumb\"},\"inLanguage\":\"en-US\",\"potentialAction\":[{\"@type\":\"ReadAction\",\"target\":[\"https:\/\/www.nest-systems.com\/en\/digital-presentation-of-nest\/\"]}]},{\"@type\":\"ImageObject\",\"inLanguage\":\"en-US\",\"@id\":\"https:\/\/www.nest-systems.com\/en\/digital-presentation-of-nest\/#primaryimage\",\"url\":\"https:\/\/www.nest-systems.com\/wp-content\/uploads\/2022\/08\/Group-292.png\",\"contentUrl\":\"https:\/\/www.nest-systems.com\/wp-content\/uploads\/2022\/08\/Group-292.png\"},{\"@type\":\"BreadcrumbList\",\"@id\":\"https:\/\/www.nest-systems.com\/en\/digital-presentation-of-nest\/#breadcrumb\",\"itemListElement\":[{\"@type\":\"ListItem\",\"position\":1,\"name\":\"Home\",\"item\":\"https:\/\/www.nest-systems.com\/en\/\"},{\"@type\":\"ListItem\",\"position\":2,\"name\":\"Digital presentation of Nest\"}]},{\"@type\":\"WebSite\",\"@id\":\"https:\/\/www.nest-systems.com\/en\/#website\",\"url\":\"https:\/\/www.nest-systems.com\/en\/\",\"name\":\"Nest Systems\",\"description\":\"\",\"publisher\":{\"@id\":\"https:\/\/www.nest-systems.com\/en\/#organization\"},\"potentialAction\":[{\"@type\":\"SearchAction\",\"target\":{\"@type\":\"EntryPoint\",\"urlTemplate\":\"https:\/\/www.nest-systems.com\/en\/?s={search_term_string}\"},\"query-input\":{\"@type\":\"PropertyValueSpecification\",\"valueRequired\":true,\"valueName\":\"search_term_string\"}}],\"inLanguage\":\"en-US\"},{\"@type\":\"Organization\",\"@id\":\"https:\/\/www.nest-systems.com\/en\/#organization\",\"name\":\"Nest Systems\",\"url\":\"https:\/\/www.nest-systems.com\/en\/\",\"logo\":{\"@type\":\"ImageObject\",\"inLanguage\":\"en-US\",\"@id\":\"https:\/\/www.nest-systems.com\/en\/#\/schema\/logo\/image\/\",\"url\":\"https:\/\/www.nest-systems.com\/wp-content\/uploads\/2022\/08\/Asset-1-3-1.png\",\"contentUrl\":\"https:\/\/www.nest-systems.com\/wp-content\/uploads\/2022\/08\/Asset-1-3-1.png\",\"width\":500,\"height\":152,\"caption\":\"Nest Systems\"},\"image\":{\"@id\":\"https:\/\/www.nest-systems.com\/en\/#\/schema\/logo\/image\/\"},\"sameAs\":[\"https:\/\/www.linkedin.com\/company\/nest-systems\/\"]}]}<\/script>\n<!-- \/ Yoast SEO plugin. -->","yoast_head_json":{"title":"Digital presentation of Nest - Nest Systems","description":"Z operacijo digitalnega poslovanja Nest Systems \u017eelimo izbolj\u0161ati konkuren\u010dnost podjetja in mo\u017enosti za \u0161iritev poslovanja na tujih trgih.","robots":{"index":"index","follow":"follow","max-snippet":"max-snippet:-1","max-image-preview":"max-image-preview:large","max-video-preview":"max-video-preview:-1"},"canonical":"https:\/\/www.nest-systems.com\/en\/digital-presentation-of-nest\/","og_locale":"en_US","og_type":"article","og_title":"Digital presentation of Nest - Nest Systems","og_description":"Z operacijo digitalnega poslovanja Nest Systems \u017eelimo izbolj\u0161ati konkuren\u010dnost podjetja in mo\u017enosti za \u0161iritev poslovanja na tujih trgih.","og_url":"https:\/\/www.nest-systems.com\/en\/digital-presentation-of-nest\/","og_site_name":"Nest Systems","article_modified_time":"2022-10-26T12:52:32+00:00","og_image":[{"url":"https:\/\/www.nest-systems.com\/wp-content\/uploads\/2022\/08\/Group-292.png"}],"twitter_card":"summary_large_image","twitter_misc":{"Est. reading time":"2 minutes"},"schema":{"@context":"https:\/\/schema.org","@graph":[{"@type":"WebPage","@id":"https:\/\/www.nest-systems.com\/en\/digital-presentation-of-nest\/","url":"https:\/\/www.nest-systems.com\/en\/digital-presentation-of-nest\/","name":"Digital presentation of Nest - Nest Systems","isPartOf":{"@id":"https:\/\/www.nest-systems.com\/en\/#website"},"primaryImageOfPage":{"@id":"https:\/\/www.nest-systems.com\/en\/digital-presentation-of-nest\/#primaryimage"},"image":{"@id":"https:\/\/www.nest-systems.com\/en\/digital-presentation-of-nest\/#primaryimage"},"thumbnailUrl":"https:\/\/www.nest-systems.com\/wp-content\/uploads\/2022\/08\/Group-292.png","datePublished":"2022-08-30T12:01:05+00:00","dateModified":"2022-10-26T12:52:32+00:00","description":"Z operacijo digitalnega poslovanja Nest Systems \u017eelimo izbolj\u0161ati konkuren\u010dnost podjetja in mo\u017enosti za \u0161iritev poslovanja na tujih trgih.","breadcrumb":{"@id":"https:\/\/www.nest-systems.com\/en\/digital-presentation-of-nest\/#breadcrumb"},"inLanguage":"en-US","potentialAction":[{"@type":"ReadAction","target":["https:\/\/www.nest-systems.com\/en\/digital-presentation-of-nest\/"]}]},{"@type":"ImageObject","inLanguage":"en-US","@id":"https:\/\/www.nest-systems.com\/en\/digital-presentation-of-nest\/#primaryimage","url":"https:\/\/www.nest-systems.com\/wp-content\/uploads\/2022\/08\/Group-292.png","contentUrl":"https:\/\/www.nest-systems.com\/wp-content\/uploads\/2022\/08\/Group-292.png"},{"@type":"BreadcrumbList","@id":"https:\/\/www.nest-systems.com\/en\/digital-presentation-of-nest\/#breadcrumb","itemListElement":[{"@type":"ListItem","position":1,"name":"Home","item":"https:\/\/www.nest-systems.com\/en\/"},{"@type":"ListItem","position":2,"name":"Digital presentation of Nest"}]},{"@type":"WebSite","@id":"https:\/\/www.nest-systems.com\/en\/#website","url":"https:\/\/www.nest-systems.com\/en\/","name":"Nest Systems","description":"","publisher":{"@id":"https:\/\/www.nest-systems.com\/en\/#organization"},"potentialAction":[{"@type":"SearchAction","target":{"@type":"EntryPoint","urlTemplate":"https:\/\/www.nest-systems.com\/en\/?s={search_term_string}"},"query-input":{"@type":"PropertyValueSpecification","valueRequired":true,"valueName":"search_term_string"}}],"inLanguage":"en-US"},{"@type":"Organization","@id":"https:\/\/www.nest-systems.com\/en\/#organization","name":"Nest Systems","url":"https:\/\/www.nest-systems.com\/en\/","logo":{"@type":"ImageObject","inLanguage":"en-US","@id":"https:\/\/www.nest-systems.com\/en\/#\/schema\/logo\/image\/","url":"https:\/\/www.nest-systems.com\/wp-content\/uploads\/2022\/08\/Asset-1-3-1.png","contentUrl":"https:\/\/www.nest-systems.com\/wp-content\/uploads\/2022\/08\/Asset-1-3-1.png","width":500,"height":152,"caption":"Nest Systems"},"image":{"@id":"https:\/\/www.nest-systems.com\/en\/#\/schema\/logo\/image\/"},"sameAs":["https:\/\/www.linkedin.com\/company\/nest-systems\/"]}]}},"uagb_featured_image_src":{"full":false,"thumbnail":false,"medium":false,"medium_large":false,"large":false,"1536x1536":false,"2048x2048":false},"uagb_author_info":{"display_name":"W3bStudio","author_link":"https:\/\/www.nest-systems.com\/en\/author\/w3bstudio\/"},"uagb_comment_info":0,"uagb_excerpt":"As part of the operation &#8220;E-business Nest Systems d. o. o. &#8220;, we conducted a workshop in the collaboration with [&hellip;]","_links":{"self":[{"href":"https:\/\/www.nest-systems.com\/en\/wp-json\/wp\/v2\/pages\/3319"}],"collection":[{"href":"https:\/\/www.nest-systems.com\/en\/wp-json\/wp\/v2\/pages"}],"about":[{"href":"https:\/\/www.nest-systems.com\/en\/wp-json\/wp\/v2\/types\/page"}],"author":[{"embeddable":true,"href":"https:\/\/www.nest-systems.com\/en\/wp-json\/wp\/v2\/users\/1"}],"replies":[{"embeddable":true,"href":"https:\/\/www.nest-systems.com\/en\/wp-json\/wp\/v2\/comments?post=3319"}],"version-history":[{"count":7,"href":"https:\/\/www.nest-systems.com\/en\/wp-json\/wp\/v2\/pages\/3319\/revisions"}],"predecessor-version":[{"id":4537,"href":"https:\/\/www.nest-systems.com\/en\/wp-json\/wp\/v2\/pages\/3319\/revisions\/4537"}],"wp:attachment":[{"href":"https:\/\/www.nest-systems.com\/en\/wp-json\/wp\/v2\/media?parent=3319"}],"curies":[{"name":"wp","href":"https:\/\/api.w.org\/{rel}","templated":true}]}}